{"id":785,"date":"2016-07-06T22:01:01","date_gmt":"2016-07-06T22:01:01","guid":{"rendered":"http:\/\/wopethemes.com\/demo\/mega2\/?page_id=785"},"modified":"2023-05-14T05:02:47","modified_gmt":"2023-05-14T05:02:47","slug":"cycling-vatnajokull","status":"publish","type":"page","link":"https:\/\/cyclingiceland.is\/is\/cycling-vatnajokull\/","title":{"rendered":"Vatnaj\u00f6kull National Park"},"content":{"rendered":"<div id=\"pl-785\"  class=\"panel-layout\" ><div id=\"pg-785-0\"  class=\"panel-grid panel-no-style\" ><div id=\"pgc-785-0-0\"  class=\"panel-grid-cell\" ><div id=\"panel-785-0-0-0\" class=\"so-panel widget widget_sow-editor panel-first-child panel-last-child\" data-index=\"0\" ><div\n\t\t\t\n\t\t\tclass=\"so-widget-sow-editor so-widget-sow-editor-base\"\n\t\t\t\n\t\t>\n<div class=\"siteorigin-widget-tinymce textwidget\">\n\t<div id=\"content-section2\" class=\"content-section black-text white-bg top-spacing-small bottom-spacing-medium title-spacing-medium align-center \">\n<div class=\"wrap-column\">\n<div class=\"content-column2_1\">\n<div class=\"widget-entry\">\n<div class=\"column1\">\n<div class=\"section-widget-heading\">\n<h4 class=\"section-widget-title\">Vatnaj\u00f6kull National Park<\/h4>\n<\/div>\n<div class=\"content content-box-content\">\n<p>Vatnaj\u00f6kull National Park spans the largest glacier of Iceland, vast highland areas, volcanoes, rivers and lakes.<\/p>\n<p>In\u00a0its southwestern part, Lakag\u00edgar is a series of craters formed during the Skaft\u00e1reldar eruption in 1783 which left\u00a0behind lava flows extending over 60 km. In this magnificent area we recommend three routes leading to the Laki\u00a0craters.<\/p>\n<p>Please note that services in this highland area are limited. You need to bring all provisions, and remember to take enough water from the fords and rest places. There are a few huts and you can put up your tent at the campsite in Bl\u00e1gil which provides water and a shower.<\/p>\n<\/div>\n<\/div>\n<\/div>\n<\/div>\n<\/div>\n<\/div>\n<div id=\"content-section3\" class=\"content-section black-text white-bg top-spacing-no bottom-spacing-medium title-spacing-medium align-left \">\n<div class=\"wrap-column\">\n<div class=\"content-column1\">\n<div class=\"widget-entry\">\n<div class=\"column1\">\n<div class=\"content content-box-content\">\n<h4>Main Cycling Routes<\/h4>\n<h4><strong>The Laki circle (39 km)<\/strong><\/h4>\n<p><em>The heart of the <strong>Laki<\/strong> area is encircled by the roads <strong>F207 and F206<\/strong>. Within this ring, there are many beautiful\u00a0volcanic craters. Fragile green moss contrasts with the landscape of black ash and lava. There are interesting\u00a0hiking trails at the Laki mountain and at the <strong>Tjarnarg\u00edgur<\/strong> crater lake.<\/em><\/p>\n<p>The river <strong>Varm\u00e1<\/strong> which has been displaced by the lava flows is crossed in the western part of road <strong>F207<\/strong>. \u00a0The\u00a0original path of Varm\u00e1 was 2 km south of Laki where you can see only a few small streams today.<\/p>\n<p>Water is also\u00a0available at the rest places at Laki and Tjarnarg\u00edgur and in Bl\u00e1gil.<\/p>\n<p><strong>The middle route F206 (35 km)<\/strong><em>The main access road to Laki is <strong>F206<\/strong>. It is quite easy to cycle, the climbs are not too steep, but you need to cross\u00a0several fords. <\/em><\/p>\n<p>The route begins 6 km west of <strong>Kirkjub\u00e6jarklaustur<\/strong>. After passing the bridge over <strong>Skaft\u00e1<\/strong>, a 1 km\u00a0detour to <strong>Fja\u00f0r\u00e1rglj\u00fafur<\/strong> gorge is recommended before continuing north. After the last farm <strong>Hei\u00f0arsel<\/strong> a track along\u00a0a power line leading to <strong>Lei\u00f0\u00f3lfsfell<\/strong> intersects the <strong>F206<\/strong>. Continuing on the main road, you pass a deserted farm,\u00a0and 1 km farther north you will reach the first of several fords. <strong>Geirlands\u00e1<\/strong> is the largest, but usually safe to cross.<\/p>\n<p>North of Geirlands\u00e1, a short detour to the east leads to <strong>Fagrifoss<\/strong>, a stunning waterfall. After several smaller fords\u00a0and Hellis\u00e1 ford, you reach the Laki circle at the crossroads of roads <strong>F206 and F207<\/strong>.<\/p>\n<p>&nbsp;<\/p>\n<h4><strong>The western route (48 km)<\/strong><\/h4>\n<p><em>The western route is best to cycle on the return trip from Laki. In this direction, the steep sections are downhill,\u00a0and there is less danger of getting lost. <\/em><\/p>\n<p>In a lava field in the southwest of the Laki circle, turn on a track to the hut\u00a0<strong>Hrossatungur<\/strong>.<\/p>\n<p>After the hut, the route continues to the south, always remain on the main track.<\/p>\n<p>After some\u00a0streams, the track passes the western side of <strong>Lei\u00f0\u00f3lfsfell<\/strong>, where there is accommodation in a turf hut.<\/p>\n<p>1 km\u00a0farther south, turn left at the power line and follow it to the southeast.<\/p>\n<p>2 km later, you will reach the ford across\u00a0<strong>Hellis\u00e1<\/strong>. It is quite shallow and calm and usually easy to cross. The main track continues along the power line until\u00a0reaching the F206.<\/p>\n<p>Cyclists may turn right 1.5 km after the ford onto a horse riding path which is closed for\u00a0motorized traffic. You will pass a gate and follow the path to the south.<\/p>\n<p>After 5 km, the track leaves the highland\u00a0and descends to the farm <strong>Skaft\u00e1rdalur<\/strong>.<\/p>\n<p>From the farm, use the bridge over <strong>Skaft\u00e1<\/strong>.<\/p>\n<p>After 4 km, you reach road\u00a0F208 \/ 208 that connects with road No. 1.<\/p>\n<p>&nbsp;<\/p>\n<h4><strong>The eastern route (40 km)<\/strong><\/h4>\n<p><em>This jeep track is not always well-defined, and it has some steep climbs in both directions. <\/em><\/p>\n<p>The route begins\u00a0roughly 0.5 km south of the rest place at<strong> Mt.<\/strong>\u00a0<strong>Laki<\/strong>.<\/p>\n<p>The first section (formerly a part of F206) goes eastward\u00a0along the southern foot of Mt. Laki. Then the track turns left uphill to the northeast.<\/p>\n<p>On the slope of <strong>Mt. Bl\u00e6ngur<\/strong>, the route turns to the south and descends. After a turnoff to the nearby hut Bl\u00e6ngur (closed), the main\u00a0track continues south, crosses a few streams and aims at <strong>Miklafell<\/strong>.<\/p>\n<p>At the mountain, a path to the northeast leads\u00a0to <strong>Laufbalavatn lake<\/strong>. At the lake you can find one of the most remarkable systems of lava caves in Iceland, protected\u00a0as a natural monument. If you are properly equipped, you may explore these magnificent caves, but take care to\u00a0not get lost.<\/p>\n<p>The main track turns west around <strong>Miklafell<\/strong>, and is rather rough in this section. South of the\u00a0mountain, a short detour leads to the hut Miklafell (accommodation).<\/p>\n<p>Continuing to south\u00a0through a lava field, the track improves while descending to the farm <strong>\u00dever\u00e1<\/strong>.<\/p>\n<p>After 2 km you\u00a0finally reach road No. 1 at <strong>Orrustuh\u00f3ll<\/strong> which is a conspicuous tuff \u201cisland\u201d in a lava flow ca.\u00a015 km east of<strong> Kirkjub\u00e6jarklaustur<\/strong>.<\/p>\n<\/div>\n<\/div>\n<\/div>\n<\/div>\n<\/div>\n<\/div>\n<\/div>\n<\/div><\/div><\/div><div id=\"pgc-785-0-1\"  class=\"panel-grid-cell\" ><div id=\"panel-785-0-1-0\" class=\"so-panel widget widget_sow-editor panel-first-child panel-last-child\" data-index=\"1\" ><div\n\t\t\t\n\t\t\tclass=\"so-widget-sow-editor so-widget-sow-editor-base\"\n\t\t\t\n\t\t>\n<div class=\"siteorigin-widget-tinymce textwidget\">\n\t<p><a href=\"https:\/\/cyclingiceland.is\/wp-content\/uploads\/2019\/02\/vatnajokull-map2016-mini.pdf\" target=\"_blank\" rel=\"noopener\"><img data-attachment-id=\"1449\" data-permalink=\"https:\/\/cyclingiceland.is\/is\/cycling-vatnajokull\/2vatnajokul-kort-minni-2\/\" data-orig-file=\"https:\/\/cyclingiceland.is\/wp-content\/uploads\/2016\/07\/2vatnajokul-kort-minni.jpg\" data-orig-size=\"320,315\" data-comments-opened=\"1\" data-image-meta=\"{&quot;aperture&quot;:&quot;0&quot;,&quot;credit&quot;:&quot;&quot;,&quot;camera&quot;:&quot;&quot;,&quot;caption&quot;:&quot;&quot;,&quot;created_timestamp&quot;:&quot;0&quot;,&quot;copyright&quot;:&quot;&quot;,&quot;focal_length&quot;:&quot;0&quot;,&quot;iso&quot;:&quot;0&quot;,&quot;shutter_speed&quot;:&quot;0&quot;,&quot;title&quot;:&quot;&quot;,&quot;orientation&quot;:&quot;0&quot;}\" data-image-title=\"2vatnajokul-kort-minni\" data-image-description=\"\" data-image-caption=\"\" data-medium-file=\"https:\/\/cyclingiceland.is\/wp-content\/uploads\/2016\/07\/2vatnajokul-kort-minni-300x295.jpg\" data-large-file=\"https:\/\/cyclingiceland.is\/wp-content\/uploads\/2016\/07\/2vatnajokul-kort-minni.jpg\" decoding=\"async\" class=\"size-medium wp-image-1449 alignleft\" src=\"https:\/\/cyclingiceland.is\/wp-content\/uploads\/2016\/07\/2vatnajokul-kort-minni-300x295.jpg\" alt=\"\" width=\"300\" height=\"295\" srcset=\"https:\/\/cyclingiceland.is\/wp-content\/uploads\/2016\/07\/2vatnajokul-kort-minni-300x295.jpg 300w, https:\/\/cyclingiceland.is\/wp-content\/uploads\/2016\/07\/2vatnajokul-kort-minni.jpg 320w\" sizes=\"(max-width: 300px) 100vw, 300px\" \/><\/a><\/p>\n<\/div>\n<\/div><\/div><\/div><\/div><\/div>","protected":false},"excerpt":{"rendered":"<p>Vatnaj\u00f6kull National Park Vatnaj\u00f6kull National Park spans the largest glacier of Iceland, vast highland areas, volcanoes, rivers and lakes. In\u00a0its southwestern part, Lakag\u00edgar is a series of craters formed during the Skaft\u00e1reldar eruption in 1783 which left\u00a0behind lava flows extending over 60 km. In this magnificent area we recommend three routes leading to the Laki\u00a0craters. [&hellip;]<\/p>\n","protected":false},"author":2,"featured_media":0,"parent":0,"menu_order":0,"comment_status":"closed","ping_status":"closed","template":"","meta":{"site-container-style":"default","site-container-layout":"default","site-sidebar-layout":"default","disable-article-header":"default","disable-site-header":"default","disable-site-footer":"default","disable-content-area-spacing":"default","jetpack_post_was_ever_published":false,"footnotes":""},"class_list":["post-785","page","type-page","status-publish","hentry"],"jetpack-related-posts":[{"id":1643,"url":"https:\/\/cyclingiceland.is\/is\/vatnajokull-national-park-north\/","url_meta":{"origin":785,"position":0},"title":"Vatnaj\u00f6kull National Park &#8211; North","author":"cyclingadmin2016","date":"j\u00fal\u00ed 26, 2017","format":false,"excerpt":"[:en] Vatnaj\u00f6kull National Park - North The northern part of Vatnaj\u00f6kull National park and surrounding area is a magnificent landscape full of geological wonders. Around lake M\u00fdvatn, you will find hot springs, abundant birdlife, and a multitude of volcanic structures. J\u00f6kuls\u00e1rglj\u00fafur is a huge canyon formed by the glacial river\u2026","rel":"","context":"Similar post","block_context":{"text":"Similar post","link":""},"img":{"alt_text":"","src":"https:\/\/i0.wp.com\/cyclingiceland.is\/wp-content\/uploads\/2017\/07\/Vatnaj_nationalpark_north-300x300.jpg?resize=350%2C200&ssl=1","width":350,"height":200},"classes":[]},{"id":1852,"url":"https:\/\/cyclingiceland.is\/is\/capital-area\/","url_meta":{"origin":785,"position":1},"title":"Hj\u00f3lalei\u00f0ir \u00e1 h\u00f6fu\u00f0borgarsv\u00e6\u00f0inu","author":"Nina","date":"febr\u00faar 6, 2019","format":false,"excerpt":"[:en] Download map [:]","rel":"","context":"Similar post","block_context":{"text":"Similar post","link":""},"img":{"alt_text":"","src":"https:\/\/i0.wp.com\/cyclingiceland.is\/wp-content\/uploads\/2019\/06\/2018CI_Rvk-part-300x135.jpg?resize=350%2C200&ssl=1","width":350,"height":200},"classes":[]},{"id":1443,"url":"https:\/\/cyclingiceland.is\/is\/campsites_huts-2\/","url_meta":{"origin":785,"position":2},"title":"Tjaldsv\u00e6\u00f0i og fjallask\u00e1lar","author":"cyclingadmin2016","date":"j\u00fal\u00ed 8, 2016","format":false,"excerpt":"[:en]Open \/ Download PDF [:is]Open \/ Download PDF [:]","rel":"","context":"Similar post","block_context":{"text":"Similar post","link":""},"img":{"alt_text":"","src":"https:\/\/i0.wp.com\/cyclingiceland.is\/wp-content\/uploads\/2019\/02\/CampsitesHuts-300x213.jpg?resize=350%2C200&ssl=1","width":350,"height":200},"classes":[]},{"id":1840,"url":"https:\/\/cyclingiceland.is\/is\/cycling-map\/","url_meta":{"origin":785,"position":3},"title":"\u00cdslenska hj\u00f3lakorti\u00f0","author":"Nina","date":"febr\u00faar 6, 2019","format":false,"excerpt":"[:en] Cycling map of Iceland -front Cycling map of Iceland -backside \u00a0 [:de] Cycling map of Iceland -front Cycling map of Iceland -backside \u00a0 [:]","rel":"","context":"Similar post","block_context":{"text":"Similar post","link":""},"img":{"alt_text":"","src":"https:\/\/i0.wp.com\/cyclingiceland.is\/wp-content\/uploads\/2021\/07\/2019-front-cycling-map.jpg?resize=350%2C200&ssl=1","width":350,"height":200},"classes":[]},{"id":1847,"url":"https:\/\/cyclingiceland.is\/is\/public-transport\/","url_meta":{"origin":785,"position":4},"title":"Almenningssamg\u00f6ngur","author":"Nina","date":"febr\u00faar 6, 2019","format":false,"excerpt":"[:en]Download [:is]Download [:]","rel":"","context":"Similar post","block_context":{"text":"Similar post","link":""},"img":{"alt_text":"","src":"https:\/\/i0.wp.com\/cyclingiceland.is\/wp-content\/uploads\/2019\/02\/2018-Public-transport-enska-part-300x135.jpg?resize=350%2C200&ssl=1","width":350,"height":200},"classes":[]},{"id":1704,"url":"https:\/\/cyclingiceland.is\/is\/useful-links\/","url_meta":{"origin":785,"position":5},"title":"Veftenglar","author":"cyclingadmin2016","date":"n\u00f3vember 5, 2018","format":false,"excerpt":"[:en]Information about cycling in Iceland - download PDF Weather in Iceland en.vedur.is belgingur.is yr.no Road conditions road.is Free online maps cyclingiceland.is map.is Cycling map Shop chains with seasonal\u00a0bike equipment hagkaup.is byko.is husa.is Accommodation & campsites cyclingiceland.is\/campsites_huts hostel.is tjalda.is\/en Useful links Islande a velo - information about cycling in Iceland in\u2026","rel":"","context":"Similar post","block_context":{"text":"Similar post","link":""},"img":{"alt_text":"","src":"","width":0,"height":0},"classes":[]}],"jetpack_sharing_enabled":true,"jetpack_shortlink":"https:\/\/wp.me\/P7DxgX-cF","_links":{"self":[{"href":"https:\/\/cyclingiceland.is\/is\/wp-json\/wp\/v2\/pages\/785","targetHints":{"allow":["GET"]}}],"collection":[{"href":"https:\/\/cyclingiceland.is\/is\/wp-json\/wp\/v2\/pages"}],"about":[{"href":"https:\/\/cyclingiceland.is\/is\/wp-json\/wp\/v2\/types\/page"}],"author":[{"embeddable":true,"href":"https:\/\/cyclingiceland.is\/is\/wp-json\/wp\/v2\/users\/2"}],"replies":[{"embeddable":true,"href":"https:\/\/cyclingiceland.is\/is\/wp-json\/wp\/v2\/comments?post=785"}],"version-history":[{"count":8,"href":"https:\/\/cyclingiceland.is\/is\/wp-json\/wp\/v2\/pages\/785\/revisions"}],"predecessor-version":[{"id":3015,"href":"https:\/\/cyclingiceland.is\/is\/wp-json\/wp\/v2\/pages\/785\/revisions\/3015"}],"wp:attachment":[{"href":"https:\/\/cyclingiceland.is\/is\/wp-json\/wp\/v2\/media?parent=785"}],"curies":[{"name":"wp","href":"https:\/\/api.w.org\/{rel}","templated":true}]}}