{"id":2751,"date":"2023-05-14T00:53:53","date_gmt":"2023-05-14T00:53:53","guid":{"rendered":"https:\/\/cyclingiceland.is\/en\/?page_id=2751"},"modified":"2025-03-25T05:08:51","modified_gmt":"2025-03-25T05:08:51","slug":"cycling-iceland-3","status":"publish","type":"page","link":"https:\/\/cyclingiceland.is\/is\/","title":{"rendered":"Home"},"content":{"rendered":"<div id=\"pl-2751\"  class=\"panel-layout\" ><div id=\"pg-2751-0\"  class=\"panel-grid panel-has-style\"  style=\"margin-bottom: 1px\" ><div class=\"so-rounded panel-row-style panel-row-style-for-2751-0\" style=\"padding: 1px 1px 1px 1px;\" ><div id=\"pgc-2751-0-0\"  class=\"panel-grid-cell\" ><div class=\"so-rounded panel-cell-style panel-cell-style-for-2751-0-0\" ><div id=\"panel-2751-0-0-0\" class=\"so-panel widget widget_sow-editor panel-first-child\" data-index=\"0\" style=\"margin-bottom: 30px\" ><div\n\t\t\t\n\t\t\tclass=\"so-widget-sow-editor so-widget-sow-editor-base\"\n\t\t\t\n\t\t>\n<div class=\"siteorigin-widget-tinymce textwidget\">\n\t<h3 style=\"text-align: left;\"><a href=\"https:\/\/cyclingiceland.is\/wp-content\/uploads\/2023\/06\/cycling-iceland2023-hlidA-1_29jun2023.pdf\" target=\"_blank\" rel=\"noopener\"><strong>Cycling map<\/strong><\/a><\/h3>\n<p><a href=\"https:\/\/cyclingiceland.is\/wp-content\/uploads\/2023\/06\/cycling-iceland2023-hlidA-1_29jun2023.pdf\" target=\"_blank\" rel=\"noopener\"><img data-attachment-id=\"2656\" data-permalink=\"https:\/\/cyclingiceland.is\/is\/cycling-iceland-3\/web-cycling-map-image-1024x731\/\" data-orig-file=\"https:\/\/cyclingiceland.is\/wp-content\/uploads\/2022\/06\/web-cycling-map-image-1024x731-1.jpg\" data-orig-size=\"300,214\" data-comments-opened=\"0\" data-image-meta=\"{&quot;aperture&quot;:&quot;0&quot;,&quot;credit&quot;:&quot;&quot;,&quot;camera&quot;:&quot;&quot;,&quot;caption&quot;:&quot;&quot;,&quot;created_timestamp&quot;:&quot;0&quot;,&quot;copyright&quot;:&quot;&quot;,&quot;focal_length&quot;:&quot;0&quot;,&quot;iso&quot;:&quot;0&quot;,&quot;shutter_speed&quot;:&quot;0&quot;,&quot;title&quot;:&quot;&quot;,&quot;orientation&quot;:&quot;1&quot;}\" data-image-title=\"web-cycling-map-image-1024&#215;731\" data-image-description=\"\" data-image-caption=\"\" data-medium-file=\"https:\/\/cyclingiceland.is\/wp-content\/uploads\/2022\/06\/web-cycling-map-image-1024x731-1.jpg\" data-large-file=\"https:\/\/cyclingiceland.is\/wp-content\/uploads\/2022\/06\/web-cycling-map-image-1024x731-1.jpg\" decoding=\"async\" class=\"wp-image-2656 size-full alignleft\" src=\"https:\/\/cyclingiceland.is\/wp-content\/uploads\/2022\/06\/web-cycling-map-image-1024x731-1.jpg\" alt=\"\" width=\"300\" height=\"214\" \/><\/a><\/p>\n<\/div>\n<\/div><\/div><div id=\"panel-2751-0-0-1\" class=\"so-panel widget widget_sow-editor\" data-index=\"1\" style=\"margin-bottom: 30px\" ><div\n\t\t\t\n\t\t\tclass=\"so-widget-sow-editor so-widget-sow-editor-base\"\n\t\t\t\n\t\t>\n<div class=\"siteorigin-widget-tinymce textwidget\">\n\t<h3 style=\"text-align: left;\"><a href=\"https:\/\/cyclingiceland.is\/wp-content\/uploads\/2023\/06\/PT2023_ISENDE_25jun2023_IS.pdf\" target=\"_blank\" rel=\"noopener\"><strong>Public transport<\/strong><\/a><\/h3>\n<p><a href=\"https:\/\/cyclingiceland.is\/wp-content\/uploads\/2025\/03\/PT2025_IS_01mar2025.pdf\" target=\"_blank\" rel=\"noopener\"><img data-attachment-id=\"1963\" data-permalink=\"https:\/\/cyclingiceland.is\/is\/?attachment_id=1963\" data-orig-file=\"https:\/\/cyclingiceland.is\/wp-content\/uploads\/2019\/02\/PT-2019-enska-vefsidur.jpg\" data-orig-size=\"1980,1398\" data-comments-opened=\"1\" data-image-meta=\"{&quot;aperture&quot;:&quot;0&quot;,&quot;credit&quot;:&quot;&quot;,&quot;camera&quot;:&quot;&quot;,&quot;caption&quot;:&quot;&quot;,&quot;created_timestamp&quot;:&quot;0&quot;,&quot;copyright&quot;:&quot;&quot;,&quot;focal_length&quot;:&quot;0&quot;,&quot;iso&quot;:&quot;0&quot;,&quot;shutter_speed&quot;:&quot;0&quot;,&quot;title&quot;:&quot;&quot;,&quot;orientation&quot;:&quot;1&quot;}\" data-image-title=\"PT-2019-enska-vefsidur\" data-image-description=\"\" data-image-caption=\"\" data-medium-file=\"https:\/\/cyclingiceland.is\/wp-content\/uploads\/2019\/02\/PT-2019-enska-vefsidur-300x212.jpg\" data-large-file=\"https:\/\/cyclingiceland.is\/wp-content\/uploads\/2019\/02\/PT-2019-enska-vefsidur-1024x723.jpg\" decoding=\"async\" class=\"wp-image-1963 size-medium alignleft\" src=\"https:\/\/cyclingiceland.is\/wp-content\/uploads\/2019\/02\/PT-2019-enska-vefsidur-300x212.jpg\" alt=\"\" width=\"300\" height=\"212\" srcset=\"https:\/\/cyclingiceland.is\/wp-content\/uploads\/2019\/02\/PT-2019-enska-vefsidur-300x212.jpg 300w, https:\/\/cyclingiceland.is\/wp-content\/uploads\/2019\/02\/PT-2019-enska-vefsidur-1024x723.jpg 1024w, https:\/\/cyclingiceland.is\/wp-content\/uploads\/2019\/02\/PT-2019-enska-vefsidur-768x542.jpg 768w, https:\/\/cyclingiceland.is\/wp-content\/uploads\/2019\/02\/PT-2019-enska-vefsidur-1536x1085.jpg 1536w, https:\/\/cyclingiceland.is\/wp-content\/uploads\/2019\/02\/PT-2019-enska-vefsidur-1200x847.jpg 1200w, https:\/\/cyclingiceland.is\/wp-content\/uploads\/2019\/02\/PT-2019-enska-vefsidur-700x494.jpg 700w, https:\/\/cyclingiceland.is\/wp-content\/uploads\/2019\/02\/PT-2019-enska-vefsidur.jpg 1980w\" sizes=\"(max-width: 300px) 100vw, 300px\" \/><\/a><\/p>\n<\/div>\n<\/div><\/div><div id=\"panel-2751-0-0-2\" class=\"so-panel widget widget_sow-editor panel-last-child\" data-index=\"2\" ><div\n\t\t\t\n\t\t\tclass=\"so-widget-sow-editor so-widget-sow-editor-base\"\n\t\t\t\n\t\t>\n<div class=\"siteorigin-widget-tinymce textwidget\">\n\t<h3><a href=\"https:\/\/cyclingiceland.is\/wp-content\/uploads\/2023\/06\/CI2023_CampsitesHuts_29Jun2023.pdf\" target=\"_blank\" rel=\"noopener\"><strong>Camps and huts<\/strong><\/a><\/h3>\n<p><a href=\"https:\/\/cyclingiceland.is\/wp-content\/uploads\/2023\/06\/CI2023_CampsitesHuts_29Jun2023.pdf\" target=\"_blank\" rel=\"noopener\"><img data-attachment-id=\"2305\" data-permalink=\"https:\/\/cyclingiceland.is\/is\/?attachment_id=2305\" data-orig-file=\"https:\/\/cyclingiceland.is\/wp-content\/uploads\/2019\/03\/CampsitesHuts-300x213.jpg\" data-orig-size=\"300,213\" data-comments-opened=\"1\" data-image-meta=\"{&quot;aperture&quot;:&quot;0&quot;,&quot;credit&quot;:&quot;Andreas Macrander&quot;,&quot;camera&quot;:&quot;&quot;,&quot;caption&quot;:&quot;&quot;,&quot;created_timestamp&quot;:&quot;0&quot;,&quot;copyright&quot;:&quot;&quot;,&quot;focal_length&quot;:&quot;0&quot;,&quot;iso&quot;:&quot;0&quot;,&quot;shutter_speed&quot;:&quot;0&quot;,&quot;title&quot;:&quot;&quot;,&quot;orientation&quot;:&quot;1&quot;}\" data-image-title=\"CampsitesHuts-300&#215;213\" data-image-description=\"\" data-image-caption=\"\" data-medium-file=\"https:\/\/cyclingiceland.is\/wp-content\/uploads\/2019\/03\/CampsitesHuts-300x213-300x213.jpg\" data-large-file=\"https:\/\/cyclingiceland.is\/wp-content\/uploads\/2019\/03\/CampsitesHuts-300x213.jpg\" decoding=\"async\" class=\"wp-image-2305 size-medium alignleft\" src=\"https:\/\/cyclingiceland.is\/wp-content\/uploads\/2019\/03\/CampsitesHuts-300x213-300x213.jpg\" alt=\"\" width=\"300\" height=\"213\" \/><\/a><\/p>\n<\/div>\n<\/div><\/div><\/div><\/div><div id=\"pgc-2751-0-1\"  class=\"panel-grid-cell\" ><div id=\"panel-2751-0-1-0\" class=\"so-panel widget widget_sow-editor panel-first-child\" data-index=\"3\" style=\"margin-bottom: 30px\" ><div\n\t\t\t\n\t\t\tclass=\"so-widget-sow-editor so-widget-sow-editor-base\"\n\t\t\t\n\t\t>\n<div class=\"siteorigin-widget-tinymce textwidget\">\n\t<h3><a href=\"https:\/\/cyclingiceland.is\/wp-content\/uploads\/2022\/06\/CI2022_Usefulinfo_ENweb_24apr2022.pdf\" target=\"_blank\" rel=\"noopener\"><strong>Useful info<\/strong><\/a><\/h3>\n<p><a href=\"https:\/\/cyclingiceland.is\/wp-content\/uploads\/2022\/06\/CI2022_Usefulinfo_ENweb_24apr2022.pdf\" target=\"_blank\" rel=\"noopener\"><img data-attachment-id=\"2213\" data-permalink=\"https:\/\/cyclingiceland.is\/is\/?attachment_id=2213\" data-orig-file=\"https:\/\/cyclingiceland.is\/wp-content\/uploads\/2019\/02\/Infotext_EN-e1552532898135.jpg\" data-orig-size=\"300,213\" data-comments-opened=\"1\" data-image-meta=\"{&quot;aperture&quot;:&quot;0&quot;,&quot;credit&quot;:&quot;&quot;,&quot;camera&quot;:&quot;&quot;,&quot;caption&quot;:&quot;&quot;,&quot;created_timestamp&quot;:&quot;0&quot;,&quot;copyright&quot;:&quot;&quot;,&quot;focal_length&quot;:&quot;0&quot;,&quot;iso&quot;:&quot;0&quot;,&quot;shutter_speed&quot;:&quot;0&quot;,&quot;title&quot;:&quot;&quot;,&quot;orientation&quot;:&quot;0&quot;}\" data-image-title=\"Infotext_EN\" data-image-description=\"\" data-image-caption=\"\" data-medium-file=\"https:\/\/cyclingiceland.is\/wp-content\/uploads\/2019\/02\/Infotext_EN-e1552532898135-300x213.jpg\" data-large-file=\"https:\/\/cyclingiceland.is\/wp-content\/uploads\/2019\/02\/Infotext_EN-e1552532898135.jpg\" decoding=\"async\" class=\"wp-image-2213 size-medium alignleft\" src=\"https:\/\/cyclingiceland.is\/wp-content\/uploads\/2019\/02\/Infotext_EN-e1552532898135-300x213.jpg\" alt=\"\" width=\"300\" height=\"213\" \/><\/a><\/p>\n<\/div>\n<\/div><\/div><div id=\"panel-2751-0-1-1\" class=\"so-panel widget widget_sow-editor\" data-index=\"4\" style=\"margin-bottom: 30px\" ><div\n\t\t\t\n\t\t\tclass=\"so-widget-sow-editor so-widget-sow-editor-base\"\n\t\t\t\n\t\t>\n<div class=\"siteorigin-widget-tinymce textwidget\">\n\t<h3><a href=\"https:\/\/cyclingiceland.is\/wp-content\/uploads\/2023\/06\/CI2023_Rvk_cyclingmap_29Jun2023.pdf\" target=\"_blank\" rel=\"noopener\"><strong>Capital ar<\/strong><\/a><strong>e<\/strong><a href=\"https:\/\/cyclingiceland.is\/wp-content\/uploads\/2019\/06\/CI2019_CampsitesHuts_03Sep2019.pdf\" target=\"_blank\" rel=\"noopener\"><strong>a<\/strong><\/a><\/h3>\n<p><a href=\"https:\/\/cyclingiceland.is\/wp-content\/uploads\/2023\/06\/CI2023_Rvk_cyclingmap_29Jun2023.pdf\" target=\"_blank\" rel=\"noopener\"><img data-attachment-id=\"1855\" data-permalink=\"https:\/\/cyclingiceland.is\/is\/capital-area\/2018ci_rvk\/\" data-orig-file=\"https:\/\/cyclingiceland.is\/wp-content\/uploads\/2019\/02\/2018CI_Rvk.jpg\" data-orig-size=\"1697,1200\" data-comments-opened=\"1\" data-image-meta=\"{&quot;aperture&quot;:&quot;0&quot;,&quot;credit&quot;:&quot;&quot;,&quot;camera&quot;:&quot;&quot;,&quot;caption&quot;:&quot;&quot;,&quot;created_timestamp&quot;:&quot;0&quot;,&quot;copyright&quot;:&quot;&quot;,&quot;focal_length&quot;:&quot;0&quot;,&quot;iso&quot;:&quot;0&quot;,&quot;shutter_speed&quot;:&quot;0&quot;,&quot;title&quot;:&quot;&quot;,&quot;orientation&quot;:&quot;0&quot;}\" data-image-title=\"2018CI_Rvk\" data-image-description=\"\" data-image-caption=\"\" data-medium-file=\"https:\/\/cyclingiceland.is\/wp-content\/uploads\/2019\/02\/2018CI_Rvk-300x212.jpg\" data-large-file=\"https:\/\/cyclingiceland.is\/wp-content\/uploads\/2019\/02\/2018CI_Rvk-1024x724.jpg\" decoding=\"async\" class=\"wp-image-1855 size-medium alignleft\" src=\"https:\/\/cyclingiceland.is\/wp-content\/uploads\/2019\/02\/2018CI_Rvk-300x212.jpg\" alt=\"\" width=\"300\" height=\"212\" srcset=\"https:\/\/cyclingiceland.is\/wp-content\/uploads\/2019\/02\/2018CI_Rvk-300x212.jpg 300w, https:\/\/cyclingiceland.is\/wp-content\/uploads\/2019\/02\/2018CI_Rvk-768x543.jpg 768w, https:\/\/cyclingiceland.is\/wp-content\/uploads\/2019\/02\/2018CI_Rvk-1024x724.jpg 1024w, https:\/\/cyclingiceland.is\/wp-content\/uploads\/2019\/02\/2018CI_Rvk-1200x849.jpg 1200w, https:\/\/cyclingiceland.is\/wp-content\/uploads\/2019\/02\/2018CI_Rvk-700x495.jpg 700w, https:\/\/cyclingiceland.is\/wp-content\/uploads\/2019\/02\/2018CI_Rvk.jpg 1697w\" sizes=\"(max-width: 300px) 100vw, 300px\" \/><\/a><\/p>\n<\/div>\n<\/div><\/div><div id=\"panel-2751-0-1-2\" class=\"so-panel widget widget_sow-editor panel-last-child\" data-index=\"5\" ><div\n\t\t\t\n\t\t\tclass=\"so-widget-sow-editor so-widget-sow-editor-base\"\n\t\t\t\n\t\t>\n<div class=\"siteorigin-widget-tinymce textwidget\">\n\t<h3><a href=\"https:\/\/cyclingiceland.is\/en\/older_maps\/\" rel=\"noopener\"><strong>Older maps<\/strong><\/a><\/h3>\n<p><a href=\"https:\/\/cyclingiceland.is\/en\/older_maps\/\"><img data-attachment-id=\"1812\" data-permalink=\"https:\/\/cyclingiceland.is\/is\/cropped-cycling-in-iceland-dark-jpg\/\" data-orig-file=\"https:\/\/cyclingiceland.is\/wp-content\/uploads\/2019\/02\/cropped-cycling-in-iceland-dark.jpg\" data-orig-size=\"2000,1437\" data-comments-opened=\"1\" data-image-meta=\"{&quot;aperture&quot;:&quot;0&quot;,&quot;credit&quot;:&quot;&quot;,&quot;camera&quot;:&quot;&quot;,&quot;caption&quot;:&quot;&quot;,&quot;created_timestamp&quot;:&quot;0&quot;,&quot;copyright&quot;:&quot;&quot;,&quot;focal_length&quot;:&quot;0&quot;,&quot;iso&quot;:&quot;0&quot;,&quot;shutter_speed&quot;:&quot;0&quot;,&quot;title&quot;:&quot;&quot;,&quot;orientation&quot;:&quot;1&quot;}\" data-image-title=\"cropped-cycling-in-iceland-dark.jpg\" data-image-description=\"\" data-image-caption=\"\" data-medium-file=\"https:\/\/cyclingiceland.is\/wp-content\/uploads\/2019\/02\/cropped-cycling-in-iceland-dark-300x216.jpg\" data-large-file=\"https:\/\/cyclingiceland.is\/wp-content\/uploads\/2019\/02\/cropped-cycling-in-iceland-dark-1024x736.jpg\" decoding=\"async\" class=\"wp-image-1812 size-medium alignleft\" src=\"https:\/\/cyclingiceland.is\/wp-content\/uploads\/2019\/02\/cropped-cycling-in-iceland-dark-300x216.jpg\" alt=\"\" width=\"300\" height=\"216\" srcset=\"https:\/\/cyclingiceland.is\/wp-content\/uploads\/2019\/02\/cropped-cycling-in-iceland-dark-300x216.jpg 300w, https:\/\/cyclingiceland.is\/wp-content\/uploads\/2019\/02\/cropped-cycling-in-iceland-dark-768x552.jpg 768w, https:\/\/cyclingiceland.is\/wp-content\/uploads\/2019\/02\/cropped-cycling-in-iceland-dark-1024x736.jpg 1024w, https:\/\/cyclingiceland.is\/wp-content\/uploads\/2019\/02\/cropped-cycling-in-iceland-dark.jpg 2000w\" sizes=\"(max-width: 300px) 100vw, 300px\" \/><\/a><\/p>\n<\/div>\n<\/div><\/div><\/div><\/div><\/div><div id=\"pg-2751-1\"  class=\"panel-grid panel-has-style\" ><div class=\"so-rounded panel-row-style panel-row-style-for-2751-1\" style=\"border: 0px solid #7c7c7c;\" ><div id=\"pgc-2751-1-0\"  class=\"panel-grid-cell\" ><div id=\"panel-2751-1-0-0\" class=\"so-panel widget widget_sow-image panel-first-child panel-last-child\" data-index=\"6\" ><div\n\t\t\t\n\t\t\tclass=\"so-widget-sow-image so-widget-sow-image-default-15be6fc1a39e-2751\"\n\t\t\t\n\t\t>\n<div class=\"sow-image-container\">\n\t\t\t<a href=\"http:\/\/hjolavottun.is\/\"\n\t\t\ttarget=\"_blank\" rel=\"noopener noreferrer\" \t\t>\n\t\t\t<img \n\tsrc=\"https:\/\/cyclingiceland.is\/wp-content\/uploads\/2019\/02\/hjolavottun_logo_gull-hjolafaerni-300x192.png\" width=\"300\" height=\"192\" srcset=\"https:\/\/cyclingiceland.is\/wp-content\/uploads\/2019\/02\/hjolavottun_logo_gull-hjolafaerni-300x192.png 300w, https:\/\/cyclingiceland.is\/wp-content\/uploads\/2019\/02\/hjolavottun_logo_gull-hjolafaerni.png 462w\" sizes=\"(max-width: 300px) 100vw, 300px\" title=\"Hj\u00f3lavottun\" alt=\"\" rel=\"http:\/\/hjolavottun.is\/\" \t\tclass=\"so-widget-image\"\/>\n\t\t\t<\/a><\/div>\n\n<\/div><\/div><\/div><div id=\"pgc-2751-1-1\"  class=\"panel-grid-cell\" ><div id=\"panel-2751-1-1-0\" class=\"so-panel widget widget_sow-image panel-first-child panel-last-child\" data-index=\"7\" ><div\n\t\t\t\n\t\t\tclass=\"so-widget-sow-image so-widget-sow-image-default-15be6fc1a39e-2751\"\n\t\t\t\n\t\t>\n<div class=\"sow-image-container\">\n\t\t\t<a href=\"https:\/\/hjoladohadaldri.is\/\"\n\t\t\ttarget=\"_blank\" rel=\"noopener noreferrer\" \t\t>\n\t\t\t<img \n\tsrc=\"https:\/\/cyclingiceland.is\/wp-content\/uploads\/2019\/02\/CUA_main_logo_icelandic-300x123.png\" width=\"300\" height=\"123\" srcset=\"https:\/\/cyclingiceland.is\/wp-content\/uploads\/2019\/02\/CUA_main_logo_icelandic-e1551318781291.png 300w, https:\/\/cyclingiceland.is\/wp-content\/uploads\/2019\/02\/CUA_main_logo_icelandic-768x315.png 768w, https:\/\/cyclingiceland.is\/wp-content\/uploads\/2019\/02\/CUA_main_logo_icelandic-1024x420.png 1024w, https:\/\/cyclingiceland.is\/wp-content\/uploads\/2019\/02\/CUA_main_logo_icelandic-700x287.png 700w\" sizes=\"(max-width: 300px) 100vw, 300px\" title=\"Hj\u00f3la\u00f0 \u00f3h\u00e1\u00f0 aldri\" alt=\"Hj\u00f3la\u00f0 \u00f3h\u00e1\u00f0 aldri\" rel=\"http:\/\/hjolavottun.is\/\" \t\tclass=\"so-widget-image\"\/>\n\t\t\t<\/a><\/div>\n\n<\/div><\/div><\/div><div id=\"pgc-2751-1-2\"  class=\"panel-grid-cell\" ><div id=\"panel-2751-1-2-0\" class=\"so-panel widget widget_sow-image panel-first-child panel-last-child\" data-index=\"8\" ><div\n\t\t\t\n\t\t\tclass=\"so-widget-sow-image so-widget-sow-image-default-15be6fc1a39e-2751\"\n\t\t\t\n\t\t>\n<div class=\"sow-image-container\">\n\t\t\t<a href=\"https:\/\/www.stjornarradid.is\/raduneyti\/umhverfis-og-audlindaraduneytid\/\"\n\t\t\ttarget=\"_blank\" rel=\"noopener noreferrer\" \t\t>\n\t\t\t<img \n\tsrc=\"https:\/\/cyclingiceland.is\/wp-content\/uploads\/2019\/02\/umhverfis1-2016-300x113.jpg\" width=\"300\" height=\"113\" srcset=\"https:\/\/cyclingiceland.is\/wp-content\/uploads\/2019\/02\/umhverfis1-2016-e1551318722996.jpg 300w, https:\/\/cyclingiceland.is\/wp-content\/uploads\/2019\/02\/umhverfis1-2016-768x290.jpg 768w, https:\/\/cyclingiceland.is\/wp-content\/uploads\/2019\/02\/umhverfis1-2016-700x264.jpg 700w\" sizes=\"(max-width: 300px) 100vw, 300px\" title=\"umhverfis-og-audlindaraduneytid\" alt=\"\" \t\tclass=\"so-widget-image\"\/>\n\t\t\t<\/a><\/div>\n\n<\/div><\/div><\/div><\/div><\/div><\/div>","protected":false},"excerpt":{"rendered":"<p>Cycling map Public transport Camps and huts Useful info Capital area Older maps<\/p>\n","protected":false},"author":2,"featured_media":0,"parent":0,"menu_order":0,"comment_status":"closed","ping_status":"closed","template":"","meta":{"site-container-style":"default","site-container-layout":"default","site-sidebar-layout":"default","disable-article-header":"default","disable-site-header":"default","disable-site-footer":"default","disable-content-area-spacing":"default","jetpack_post_was_ever_published":false,"footnotes":""},"class_list":["post-2751","page","type-page","status-publish","hentry"],"jetpack-related-posts":[{"id":1847,"url":"https:\/\/cyclingiceland.is\/is\/public-transport\/","url_meta":{"origin":2751,"position":0},"title":"Almenningssamg\u00f6ngur","author":"Nina","date":"febr\u00faar 6, 2019","format":false,"excerpt":"[:en]Download [:is]Download [:]","rel":"","context":"Similar post","block_context":{"text":"Similar post","link":""},"img":{"alt_text":"","src":"https:\/\/i0.wp.com\/cyclingiceland.is\/wp-content\/uploads\/2019\/02\/2018-Public-transport-enska-part-300x135.jpg?resize=350%2C200&ssl=1","width":350,"height":200},"classes":[]},{"id":1779,"url":"https:\/\/cyclingiceland.is\/is\/older_maps\/","url_meta":{"origin":2751,"position":1},"title":"ELDRI HJ\u00d3LAKORT","author":"Nina","date":"febr\u00faar 3, 2019","format":false,"excerpt":"[:en]OLDER CYCLING MAPS 2013 2013-cycling_iceland_and_route_map 2014 2014-cycling-map 2015 2015cycling-map 2016 2016-web-cycling-map 2016 Reykjav\u00edk 2016-WEB-campsites list 2017 2017_Campsites_Huts 2017 CI english 2017 CI \u00edslenska 2017 Reykjav\u00edk 2017 -CI B_hlid EN\u00a0 me\u00f0 ferju 2017-CI B hlid \u00cdSL \u00e1n ferju 2018 2018 CI_CampsitesHuts 2018 CI_Cycling_in_Iceland_Infotext_EN 2018 CI_Rvk_cyclingmap A3 2018-Public transport enska 2018-Public transport\u2026","rel":"","context":"Similar post","block_context":{"text":"Similar post","link":""},"img":{"alt_text":"","src":"","width":0,"height":0},"classes":[]},{"id":1852,"url":"https:\/\/cyclingiceland.is\/is\/capital-area\/","url_meta":{"origin":2751,"position":2},"title":"Hj\u00f3lalei\u00f0ir \u00e1 h\u00f6fu\u00f0borgarsv\u00e6\u00f0inu","author":"Nina","date":"febr\u00faar 6, 2019","format":false,"excerpt":"[:en] Download map [:]","rel":"","context":"Similar post","block_context":{"text":"Similar post","link":""},"img":{"alt_text":"","src":"https:\/\/i0.wp.com\/cyclingiceland.is\/wp-content\/uploads\/2019\/06\/2018CI_Rvk-part-300x135.jpg?resize=350%2C200&ssl=1","width":350,"height":200},"classes":[]},{"id":1443,"url":"https:\/\/cyclingiceland.is\/is\/campsites_huts-2\/","url_meta":{"origin":2751,"position":3},"title":"Tjaldsv\u00e6\u00f0i og fjallask\u00e1lar","author":"cyclingadmin2016","date":"j\u00fal\u00ed 8, 2016","format":false,"excerpt":"[:en]Open \/ Download PDF [:is]Open \/ Download PDF [:]","rel":"","context":"Similar post","block_context":{"text":"Similar post","link":""},"img":{"alt_text":"","src":"https:\/\/i0.wp.com\/cyclingiceland.is\/wp-content\/uploads\/2019\/02\/CampsitesHuts-300x213.jpg?resize=350%2C200&ssl=1","width":350,"height":200},"classes":[]},{"id":1840,"url":"https:\/\/cyclingiceland.is\/is\/cycling-map\/","url_meta":{"origin":2751,"position":4},"title":"\u00cdslenska hj\u00f3lakorti\u00f0","author":"Nina","date":"febr\u00faar 6, 2019","format":false,"excerpt":"[:en] Cycling map of Iceland -front Cycling map of Iceland -backside \u00a0 [:de] Cycling map of Iceland -front Cycling map of Iceland -backside \u00a0 [:]","rel":"","context":"Similar post","block_context":{"text":"Similar post","link":""},"img":{"alt_text":"","src":"https:\/\/i0.wp.com\/cyclingiceland.is\/wp-content\/uploads\/2021\/07\/2019-front-cycling-map.jpg?resize=350%2C200&ssl=1","width":350,"height":200},"classes":[]},{"id":1704,"url":"https:\/\/cyclingiceland.is\/is\/useful-links\/","url_meta":{"origin":2751,"position":5},"title":"Veftenglar","author":"cyclingadmin2016","date":"n\u00f3vember 5, 2018","format":false,"excerpt":"[:en]Information about cycling in Iceland - download PDF Weather in Iceland en.vedur.is belgingur.is yr.no Road conditions road.is Free online maps cyclingiceland.is map.is Cycling map Shop chains with seasonal\u00a0bike equipment hagkaup.is byko.is husa.is Accommodation & campsites cyclingiceland.is\/campsites_huts hostel.is tjalda.is\/en Useful links Islande a velo - information about cycling in Iceland in\u2026","rel":"","context":"Similar post","block_context":{"text":"Similar post","link":""},"img":{"alt_text":"","src":"","width":0,"height":0},"classes":[]}],"jetpack_sharing_enabled":true,"jetpack_shortlink":"https:\/\/wp.me\/P7DxgX-In","_links":{"self":[{"href":"https:\/\/cyclingiceland.is\/is\/wp-json\/wp\/v2\/pages\/2751","targetHints":{"allow":["GET"]}}],"collection":[{"href":"https:\/\/cyclingiceland.is\/is\/wp-json\/wp\/v2\/pages"}],"about":[{"href":"https:\/\/cyclingiceland.is\/is\/wp-json\/wp\/v2\/types\/page"}],"author":[{"embeddable":true,"href":"https:\/\/cyclingiceland.is\/is\/wp-json\/wp\/v2\/users\/2"}],"replies":[{"embeddable":true,"href":"https:\/\/cyclingiceland.is\/is\/wp-json\/wp\/v2\/comments?post=2751"}],"version-history":[{"count":236,"href":"https:\/\/cyclingiceland.is\/is\/wp-json\/wp\/v2\/pages\/2751\/revisions"}],"predecessor-version":[{"id":3177,"href":"https:\/\/cyclingiceland.is\/is\/wp-json\/wp\/v2\/pages\/2751\/revisions\/3177"}],"wp:attachment":[{"href":"https:\/\/cyclingiceland.is\/is\/wp-json\/wp\/v2\/media?parent=2751"}],"curies":[{"name":"wp","href":"https:\/\/api.w.org\/{rel}","templated":true}]}}