{"id":1779,"date":"2019-02-03T22:13:31","date_gmt":"2019-02-03T22:13:31","guid":{"rendered":"https:\/\/test.cyclingiceland.is\/?page_id=1779"},"modified":"2025-03-25T05:06:11","modified_gmt":"2025-03-25T05:06:11","slug":"older_maps","status":"publish","type":"page","link":"https:\/\/cyclingiceland.is\/is\/older_maps\/","title":{"rendered":"ELDRI HJ\u00d3LAKORT"},"content":{"rendered":"<h3>ELDRI HJ\u00d3LAKORT<\/h3>\n<ul>\n<li style=\"list-style-type: none;\">\n<ul>\n<li>2013<\/li>\n<\/ul>\n<\/li>\n<\/ul>\n<p><a href=\"https:\/\/cyclingiceland.is\/wp-content\/uploads\/2019\/02\/2013-cycling_iceland_and_route_map-net.pdf\">2013-cycling_iceland_and_route_map<\/a><\/p>\n<ul>\n<li>2014<\/li>\n<\/ul>\n<p><a href=\"https:\/\/cyclingiceland.is\/wp-content\/uploads\/2019\/02\/2014-cycling-map-web.pdf\">2014-cycling-map<\/a><\/p>\n<ul>\n<li>2015<\/li>\n<\/ul>\n<p><a href=\"https:\/\/cyclingiceland.is\/wp-content\/uploads\/2018\/11\/2015cycling-map-web2.pdf\">2015cycling-map<\/a><\/p>\n<ul>\n<li>2016<\/li>\n<\/ul>\n<p><a href=\"https:\/\/cyclingiceland.is\/wp-content\/uploads\/2018\/11\/2016-web-cycling-map-links.pdf\">2016-web-cycling-map<\/a><\/p>\n<p><a href=\"https:\/\/cyclingiceland.is\/wp-content\/uploads\/2018\/11\/2016-web-rvk_mapA3print.pdf\">2016 Reykjav\u00edk<\/a><\/p>\n<p><a href=\"https:\/\/cyclingiceland.is\/wp-content\/uploads\/2019\/02\/2016-WEB-campsites-list-CM.pdf\">2016-WEB-campsites list<\/a><\/p>\n<ul>\n<li>2017<\/li>\n<\/ul>\n<p><a href=\"https:\/\/cyclingiceland.is\/wp-content\/uploads\/2019\/02\/2017CI_Campsites_Huts_24Sep2017.pdf\">2017_Campsites_Huts<\/a><\/p>\n<p><a href=\"https:\/\/cyclingiceland.is\/wp-content\/uploads\/2018\/11\/2017-CM-Ahlid-EN-ny.pdf\">2017 CI english<\/a><\/p>\n<p><a href=\"https:\/\/cyclingiceland.is\/wp-content\/uploads\/2018\/11\/2017-CM-A-hlid-ISL-ny.pdf\">2017 CI \u00edslenska<\/a><\/p>\n<p><a href=\"https:\/\/cyclingiceland.is\/wp-content\/uploads\/2018\/11\/2017-rvk_mapEN-mAkranesFerju-ny.pdf\">2017 Reykjav\u00edk<\/a><\/p>\n<p><a href=\"https:\/\/cyclingiceland.is\/wp-content\/uploads\/2019\/02\/2017-700x500_CI_B_hlid_ens_mferju_web.pdf\">2017 -CI B_hlid EN\u00a0 me\u00f0 ferju<\/a><\/p>\n<p><a href=\"https:\/\/cyclingiceland.is\/wp-content\/uploads\/2019\/02\/2017-NET-CI_B_hlid_isl_noFerry.pdf\">2017-CI B hlid \u00cdSL \u00e1n ferju<\/a><\/p>\n<ul>\n<li>2018<\/li>\n<\/ul>\n<p><a href=\"https:\/\/cyclingiceland.is\/wp-content\/uploads\/2019\/02\/2018CI_CampsitesHuts_07Sep2018.pdf\">2018 CI_CampsitesHuts<\/a><\/p>\n<p><a href=\"https:\/\/cyclingiceland.is\/wp-content\/uploads\/2019\/02\/2018CI_Cycling_in_Iceland_Infotext_EN_20June2018_PDF.pdf\">2018 CI_Cycling_in_Iceland_Infotext_EN<\/a><\/p>\n<p><a href=\"https:\/\/cyclingiceland.is\/wp-content\/uploads\/2019\/02\/CI2019_Rvk_cyclingmap_A3web_20June2019.pdf\">2018 CI_Rvk_cyclingmap A3<\/a><\/p>\n<p><a href=\"https:\/\/cyclingiceland.is\/wp-content\/uploads\/2019\/02\/2018-Public-transport-enska-lowres.pdf\">2018-Public transport enska<\/a><\/p>\n<p><a href=\"https:\/\/cyclingiceland.is\/wp-content\/uploads\/2019\/02\/2018-Public-transport-\u00edslenska-lowres.pdf\">2018-Public transport \u00edslenska<\/a><\/p>\n<p><a href=\"https:\/\/cyclingiceland.is\/wp-content\/uploads\/2019\/02\/2018-Public-transport-\u00fe\u00fdska-lowres.pdf\">2018-Public transport \u00fe\u00fdska<\/a><\/p>\n<p><a href=\"https:\/\/cyclingiceland.is\/wp-content\/uploads\/2019\/02\/2018-web-cycling-map.pdf\">2018-web-cycling map<\/a><\/p>\n<ul>\n<li>2019<\/li>\n<\/ul>\n<p><a href=\"https:\/\/cyclingiceland.is\/en\/pt-2019-islenska-skjaupplausn\/\" target=\"_blank\" rel=\"noopener noreferrer\">PT 2019 i\u0301slenska<\/a><\/p>\n<p><a href=\"https:\/\/cyclingiceland.is\/en\/cycling-iceland\/pt-2019-enska-vefsidur-2\/\" target=\"_blank\" rel=\"noopener noreferrer\">PT-2019-enska<\/a><\/p>\n<p><a href=\"https:\/\/cyclingiceland.is\/en\/pt-2019-thyska-skjaupplausn\/\" target=\"_blank\" rel=\"noopener noreferrer\">PT 2019 \u00fey\u0301ska\u00a0<\/a><\/p>\n<p><a href=\"https:\/\/cyclingiceland.is\/en\/?attachment_id=2376\" target=\"_blank\" rel=\"noopener noreferrer\">2019_CampsitesHuts<\/a><\/p>\n<p><a href=\"https:\/\/cyclingiceland.is\/wp-content\/uploads\/2022\/06\/PT2022_12may2022_EN.pdf\" target=\"_blank\" rel=\"noopener noreferrer\" aria-label=\"\u201c2019-CI-Ahlid-net2\u201d (Edit)\">2019-CI-A hl\u00ed\u00f0<\/a><\/p>\n<p><a href=\"https:\/\/cyclingiceland.is\/wp-content\/uploads\/2019\/06\/2019-CI-Bhlid-net2.pdf\" target=\"_blank\" rel=\"noopener noreferrer\" aria-label=\"\u201c2019-CI-Bhlid-net2\u201d (Edit)\">2019-CI-B hl\u00ed\u00f0<\/a><\/p>\n<ul>\n<li>2020<\/li>\n<\/ul>\n<p><a href=\"https:\/\/cyclingiceland.is\/wp-content\/uploads\/2020\/07\/pt2020_is.pdf\" target=\"_blank\" rel=\"noopener\">PT 2020 \u00edslenska<\/a><\/p>\n<p><a href=\"https:\/\/cyclingiceland.is\/wp-content\/uploads\/2019\/04\/pt2020_en.pdf\" target=\"_blank\" rel=\"noopener\">PT 2020 enska<\/a><\/p>\n<p><a href=\"https:\/\/cyclingiceland.is\/wp-content\/uploads\/2020\/07\/pt2020_de.pdf\" target=\"_blank\" rel=\"noopener\">PT 2020 \u00fe\u00fdska<\/a><\/p>\n<ul>\n<li>2022<\/li>\n<\/ul>\n<p><a href=\"https:\/\/cyclingiceland.is\/wp-content\/uploads\/2022\/06\/PT2022_12may2022_IS.pdf\" target=\"_blank\" rel=\"noopener\">PT 2022 \u00edslenska<\/a><\/p>\n<p><a href=\"https:\/\/cyclingiceland.is\/wp-content\/uploads\/2022\/06\/PT2022_12may2022_EN.pdf\" target=\"_blank\" rel=\"noopener\">PT 2022 enska<\/a><\/p>\n<p><a href=\"https:\/\/cyclingiceland.is\/wp-content\/uploads\/2022\/06\/PT2022_12may2022_DE.pdf\" target=\"_blank\" rel=\"noopener\">PT 2020 \u00fe\u00fdska<\/a><\/p>\n<ul>\n<li>2023<\/li>\n<\/ul>\n<p><a href=\"https:\/\/cyclingiceland.is\/wp-content\/uploads\/2023\/06\/PT2023_07jun2023_IS.pdf\" target=\"_blank\" rel=\"noopener\">PT 2023 \u00edslenska<\/a><\/p>\n<p><a href=\"https:\/\/cyclingiceland.is\/wp-content\/uploads\/2023\/06\/PT2023_07jun2023_EN.pdf\" target=\"_blank\" rel=\"noopener\">PT 2023 enska<\/a><\/p>\n<p><a href=\"https:\/\/cyclingiceland.is\/wp-content\/uploads\/2023\/06\/PT2023_07jun2023_DE.pdf\" target=\"_blank\" rel=\"noopener\">PT 2023 \u00fe\u00fdska<\/a><\/p>\n<p><a href=\"https:\/\/cyclingiceland.is\/wp-content\/uploads\/2023\/06\/CI2023_CampsitesHuts_24May2023.pdf\" target=\"_blank\" rel=\"noopener noreferrer\">2023_CampsitesHuts<\/a><\/p>\n<p><a href=\"https:\/\/cyclingiceland.is\/wp-content\/uploads\/2023\/06\/CI2023_Rvk_cyclingmap_06Jun2023.pdf\" target=\"_blank\" rel=\"noopener\">2023 Reykjav\u00edk<\/a><\/p>\n<ul>\n<li>2024<\/li>\n<\/ul>\n<p><a href=\"https:\/\/cyclingiceland.is\/wp-content\/uploads\/2024\/05\/PT2024_IS_06mai2024.pdf\" target=\"_blank\" rel=\"noopener\">PT 2024 \u00edslenska<\/a><\/p>\n<p><a href=\"https:\/\/cyclingiceland.is\/wp-content\/uploads\/2024\/05\/PT2024_EN_06may2024.pdf\" target=\"_blank\" rel=\"noopener\">PT 2024 enska<\/a><\/p>\n<p><a href=\"https:\/\/cyclingiceland.is\/wp-content\/uploads\/2024\/05\/PT2024_EN_06may2024.pdf\" target=\"_blank\" rel=\"noopener\">PT 2024 \u00fe\u00fdska<\/a><\/p>\n","protected":false},"excerpt":{"rendered":"<p>ELDRI HJ\u00d3LAKORT 2013 2013-cycling_iceland_and_route_map 2014 2014-cycling-map 2015 2015cycling-map 2016 2016-web-cycling-map 2016 Reykjav\u00edk 2016-WEB-campsites list 2017 2017_Campsites_Huts 2017 CI english 2017 CI \u00edslenska 2017 Reykjav\u00edk 2017 -CI B_hlid EN\u00a0 me\u00f0 ferju 2017-CI B hlid \u00cdSL \u00e1n ferju 2018 2018 CI_CampsitesHuts 2018 CI_Cycling_in_Iceland_Infotext_EN 2018 CI_Rvk_cyclingmap A3 2018-Public transport enska 2018-Public transport \u00edslenska 2018-Public transport \u00fe\u00fdska 2018-web-cycling map [&hellip;]<\/p>\n","protected":false},"author":2,"featured_media":0,"parent":0,"menu_order":0,"comment_status":"closed","ping_status":"closed","template":"","meta":{"site-container-style":"default","site-container-layout":"default","site-sidebar-layout":"default","disable-article-header":"default","disable-site-header":"default","disable-site-footer":"default","disable-content-area-spacing":"default","jetpack_post_was_ever_published":false,"footnotes":""},"class_list":["post-1779","page","type-page","status-publish","hentry"],"jetpack-related-posts":[{"id":1840,"url":"https:\/\/cyclingiceland.is\/is\/cycling-map\/","url_meta":{"origin":1779,"position":0},"title":"\u00cdslenska hj\u00f3lakorti\u00f0","author":"Nina","date":"febr\u00faar 6, 2019","format":false,"excerpt":"[:en] Cycling map of Iceland -front Cycling map of Iceland -backside \u00a0 [:de] Cycling map of Iceland -front Cycling map of Iceland -backside \u00a0 [:]","rel":"","context":"Similar post","block_context":{"text":"Similar post","link":""},"img":{"alt_text":"","src":"https:\/\/i0.wp.com\/cyclingiceland.is\/wp-content\/uploads\/2021\/07\/2019-front-cycling-map.jpg?resize=350%2C200&ssl=1","width":350,"height":200},"classes":[]},{"id":1704,"url":"https:\/\/cyclingiceland.is\/is\/useful-links\/","url_meta":{"origin":1779,"position":1},"title":"Veftenglar","author":"cyclingadmin2016","date":"n\u00f3vember 5, 2018","format":false,"excerpt":"[:en]Information about cycling in Iceland - download PDF Weather in Iceland en.vedur.is belgingur.is yr.no Road conditions road.is Free online maps cyclingiceland.is map.is Cycling map Shop chains with seasonal\u00a0bike equipment hagkaup.is byko.is husa.is Accommodation & campsites cyclingiceland.is\/campsites_huts hostel.is tjalda.is\/en Useful links Islande a velo - information about cycling in Iceland in\u2026","rel":"","context":"Similar post","block_context":{"text":"Similar post","link":""},"img":{"alt_text":"","src":"","width":0,"height":0},"classes":[]},{"id":1445,"url":"https:\/\/cyclingiceland.is\/is\/reykjavik\/","url_meta":{"origin":1779,"position":2},"title":"Cycling Routes in Reykjavik","author":"cyclingadmin2016","date":"j\u00fal\u00ed 8, 2016","format":false,"excerpt":"[:en]Routes in the capital area[:] [:en] Download map [:]","rel":"","context":"Similar post","block_context":{"text":"Similar post","link":""},"img":{"alt_text":"","src":"https:\/\/i0.wp.com\/cyclingiceland.is\/wp-content\/uploads\/2019\/06\/2018CI_Rvk-part-300x135.jpg?resize=350%2C200&ssl=1","width":350,"height":200},"classes":[]},{"id":1907,"url":"https:\/\/cyclingiceland.is\/is\/all-you-need-to-know-2\/","url_meta":{"origin":1779,"position":3},"title":"Hagn\u00fdtar uppl\u00fdsingar","author":"Nina","date":"febr\u00faar 8, 2019","format":false,"excerpt":"[:en]Useful info - download as PDF TRAVELING IN ICELAND Iceland is a country of outstanding natural beauty. Cycling and traveling in Iceland is a great experience, but you have to be prepared for harsh weather conditions and rugged nature. We encourage you to travel around Iceland responsibly and help keep\u2026","rel":"","context":"Similar post","block_context":{"text":"Similar post","link":""},"img":{"alt_text":"","src":"","width":0,"height":0},"classes":[]},{"id":1484,"url":"https:\/\/cyclingiceland.is\/is\/borgarfjordur-eystri\/","url_meta":{"origin":1779,"position":4},"title":"Borgarfj\u00f6r\u00f0ur Eystri","author":"cyclingadmin2016","date":"\u00e1g\u00fast 26, 2016","format":false,"excerpt":"[:en] The East of Iceland has a hidden treasure called Borgarfj\u00f6r\u00f0ur eystri. With a total of only 130 inhabitants, the area, nonetheless, has plenty to offer for visitors, including a tremendous variety of hiking routes and great opportunities for cycling activities. The area offers a spectacular landscape and a good\u2026","rel":"","context":"Similar post","block_context":{"text":"Similar post","link":""},"img":{"alt_text":"","src":"https:\/\/i0.wp.com\/cyclingiceland.is\/wp-content\/uploads\/2019\/02\/Borgarfjordur-viknaslodit-kort-1-776x1024.jpg?resize=350%2C200&ssl=1","width":350,"height":200,"srcset":"https:\/\/i0.wp.com\/cyclingiceland.is\/wp-content\/uploads\/2019\/02\/Borgarfjordur-viknaslodit-kort-1-776x1024.jpg?resize=350%2C200&ssl=1 1x, https:\/\/i0.wp.com\/cyclingiceland.is\/wp-content\/uploads\/2019\/02\/Borgarfjordur-viknaslodit-kort-1-776x1024.jpg?resize=525%2C300&ssl=1 1.5x, https:\/\/i0.wp.com\/cyclingiceland.is\/wp-content\/uploads\/2019\/02\/Borgarfjordur-viknaslodit-kort-1-776x1024.jpg?resize=700%2C400&ssl=1 2x"},"classes":[]},{"id":865,"url":"https:\/\/cyclingiceland.is\/is\/google-map\/","url_meta":{"origin":1779,"position":5},"title":"Google Map","author":"Nina","date":"okt\u00f3ber 30, 2015","format":false,"excerpt":"","rel":"","context":"Similar post","block_context":{"text":"Similar post","link":""},"img":{"alt_text":"","src":"","width":0,"height":0},"classes":[]}],"jetpack_sharing_enabled":true,"jetpack_shortlink":"https:\/\/wp.me\/P7DxgX-sH","_links":{"self":[{"href":"https:\/\/cyclingiceland.is\/is\/wp-json\/wp\/v2\/pages\/1779","targetHints":{"allow":["GET"]}}],"collection":[{"href":"https:\/\/cyclingiceland.is\/is\/wp-json\/wp\/v2\/pages"}],"about":[{"href":"https:\/\/cyclingiceland.is\/is\/wp-json\/wp\/v2\/types\/page"}],"author":[{"embeddable":true,"href":"https:\/\/cyclingiceland.is\/is\/wp-json\/wp\/v2\/users\/2"}],"replies":[{"embeddable":true,"href":"https:\/\/cyclingiceland.is\/is\/wp-json\/wp\/v2\/comments?post=1779"}],"version-history":[{"count":45,"href":"https:\/\/cyclingiceland.is\/is\/wp-json\/wp\/v2\/pages\/1779\/revisions"}],"predecessor-version":[{"id":3174,"href":"https:\/\/cyclingiceland.is\/is\/wp-json\/wp\/v2\/pages\/1779\/revisions\/3174"}],"wp:attachment":[{"href":"https:\/\/cyclingiceland.is\/is\/wp-json\/wp\/v2\/media?parent=1779"}],"curies":[{"name":"wp","href":"https:\/\/api.w.org\/{rel}","templated":true}]}}