{"id":1643,"date":"2017-07-26T20:53:11","date_gmt":"2017-07-26T20:53:11","guid":{"rendered":"https:\/\/test.cyclingiceland.is\/?page_id=1643"},"modified":"2023-05-14T05:06:56","modified_gmt":"2023-05-14T05:06:56","slug":"vatnajokull-national-park-north","status":"publish","type":"page","link":"https:\/\/cyclingiceland.is\/is\/vatnajokull-national-park-north\/","title":{"rendered":"Vatnaj\u00f6kull National Park &#8211; North"},"content":{"rendered":"<div id=\"pl-1643\"  class=\"panel-layout\" ><div id=\"pg-1643-0\"  class=\"panel-grid panel-no-style\" ><div id=\"pgc-1643-0-0\"  class=\"panel-grid-cell\" ><div id=\"panel-1643-0-0-0\" class=\"so-panel widget widget_sow-editor panel-first-child panel-last-child\" data-index=\"0\" ><div\n\t\t\t\n\t\t\tclass=\"so-widget-sow-editor so-widget-sow-editor-base\"\n\t\t\t\n\t\t>\n<div class=\"siteorigin-widget-tinymce textwidget\">\n\t<div id=\"content-section2\" class=\"content-section black-text white-bg top-spacing-small bottom-spacing-medium title-spacing-medium align-center \">\n<div class=\"wrap-column\">\n<div class=\"content-column2_1\">\n<div class=\"widget-entry\">\n<div class=\"column1\">\n<div class=\"section-widget-heading\">\n<h4 class=\"section-widget-title\">Vatnaj\u00f6kull National Park - North<\/h4>\n<\/div>\n<div class=\"content content-box-content\">\n<p class=\"m_6621719172203998556gmail-p1\"><span class=\"m_6621719172203998556gmail-s1\">The northern part of Vatnaj\u00f6kull National park and surrounding area is a magnificent landscape full of geological wonders. Around lake M\u00fdvatn, you will find hot springs, abundant birdlife, and a multitude of volcanic structures. J\u00f6kuls\u00e1rglj\u00fafur is a huge canyon formed by the glacial river J\u00f6kuls\u00e1 \u00e1 Fj\u00f6llum, Iceland\u2019s second longest river. H\u00fasav\u00edk is a charming fishing town, also known as the \u201cwhale-watching capital\u201d of Iceland. Cycling around this region is a great experience. It is possible to complete the 212 km round trip\u00a0<span class=\"aBn\" tabindex=\"0\" data-term=\"goog_615778724\"><span class=\"aQJ\">in three days<\/span><\/span>, but there is so much to explore that it is worth taking your time. Please note that services, campsites and shops are few and far between. Drinking water in this rather dry area can only be obtained at the few campsites and villages. Plan your trip accordingly and bring enough food and water.<\/span><\/p>\n<\/div>\n<\/div>\n<\/div>\n<\/div>\n<\/div>\n<\/div>\n<div id=\"content-section3\" class=\"content-section black-text white-bg top-spacing-no bottom-spacing-medium title-spacing-medium align-left \">\n<div class=\"wrap-column\">\n<div class=\"content-column1\">\n<div class=\"widget-entry\">\n<div class=\"column1\">\n<div class=\"content content-box-content\">\n<h4 class=\"m_6621719172203998556gmail-p3\"><span class=\"m_6621719172203998556gmail-s1\"><b>M\u00ddVATN \u2013 J\u00d6KULS\u00c1RGLJ\u00daFUR \u2013 H\u00daSAV\u00cdK \u2013 M\u00ddVATN<\/b><\/span><\/h4>\n<h4 class=\"m_6621719172203998556gmail-p3\"><span class=\"m_6621719172203998556gmail-s1\"><b>Part 1: Reykjahl\u00ed\u00f0 (M\u00fdvatn) \u2013 \u00c1sbyrgi\u00a0<\/b><\/span><span class=\"m_6621719172203998556gmail-s2\"><b>\u00a0<\/b><\/span><span class=\"m_6621719172203998556gmail-s3\">(91 km including 29 km dirt road)<\/span><\/h4>\n<p class=\"m_6621719172203998556gmail-p3\"><span class=\"m_6621719172203998556gmail-s1\">Leave M\u00fdvatn heading east along Route 1. After the short climb over N\u00e1maskar\u00f0 pass, you will reach the Hverir hot spring area with steaming fumaroles and boiling mud pots. Continuing to the east, you will cycle into the vast expanse of M\u00fdvatns\u00f6r\u00e6fi. 26 km after Reykjahl\u00ed\u00f0, turn left onto road 862, and cycle another 24 km to the parking site at Dettifoss (WC, but no water). A 20\u201330 min walk leads to Dettifoss, the most powerful waterfall in Europe. Every second, an average of 193 m<\/span><span class=\"m_6621719172203998556gmail-s4\">3<\/span><span class=\"m_6621719172203998556gmail-s1\">\u00a0of water drop 44 m vertically down into J\u00f6kuls\u00e1rglj\u00fafur canyon. To continue, you need to cycle 3 km back on the same road before turning north onto road 862, which for the next 20 km is a rough dirt road. Vesturdalur is reached on a short 2 km side road, which descends by 100 m of elevation, and has a 15% grade. But Vesturdalur is worth seeing: On a 20\u201360 min hike, you can explore Hlj\u00f3\u00f0aklettar (\u201cecho cliffs\u201d), a distinctive cluster of columnar basalt rocks down at J\u00f6kuls\u00e1 river, and in the valley you will find birch trees and a small campsite with WC and cold water. After you have cycled or pushed your bike back uphill, you will travel another 5 km on gravel and finally 9 km on asphalt to \u00c1sbyrgi, an impressive horseshoe shaped canyon. Here you will find a great campsite, information center and small shop. J\u00f6kuls\u00e1rglj\u00fafur canyon is also great for hiking. You can leave your tent in \u00c1sbyrgi or Vesturdalur, take a scheduled bus and hike back to the campsite. The entire canyon from Dettifoss to \u00c1sbyrgi is a magnificent 2-day hike.\u00a0<\/span><\/p>\n<h4 class=\"m_6621719172203998556gmail-p3\"><span class=\"m_6621719172203998556gmail-s1\"><b>Part 2: \u00c1sbyrgi \u2013 H\u00fasav\u00edk<\/b><\/span><span class=\"m_6621719172203998556gmail-s3\">\u00a0(67 km asphalt road)\u00a0<\/span><\/h4>\n<p class=\"m_6621719172203998556gmail-p1\"><span class=\"m_6621719172203998556gmail-s1\">In the morning, explore \u00c1sbyrgi canyon. You can cycle to the end of the road and walk through the forest to Botnstj\u00f6rn pond under sheer cliffs. Then start your journey to H\u00fasav\u00edk along road no. 85, which will take you around Tj\u00f6rnes peninsula. To the north, there are panoramic views of the Iceland Sea, and in June\/July you will even see the\u00a0<span class=\"aBn\" tabindex=\"0\" data-term=\"goog_615778725\"><span class=\"aQJ\">midnight<\/span><\/span>\u00a0sun. H\u00fasav\u00edk is a charming fishing town with a well-sheltered campsite. Directly across the road, you will find the public swimming pool\/hot pots, which is a great place to relax after a long day of cycling. A walk to the harbour area is a must. There are many nice restaurants and caf\u00e9s at the waterfront, but the biggest attraction is the abundant whales in the Skj\u00e1lfandi bay.\u00a0<\/span><\/p>\n<h4 class=\"m_6621719172203998556gmail-p3\"><span class=\"m_6621719172203998556gmail-s1\"><b>Part 3: H\u00fasav\u00edk \u2013 Reykjahl\u00ed\u00f0 (M\u00fdvatn)\u00a0<\/b><\/span><span class=\"m_6621719172203998556gmail-s3\">(54 km including 11 km gravel road)<\/span><\/h4>\n<p class=\"m_6621719172203998556gmail-p1\"><span class=\"m_6621719172203998556gmail-s1\">Leave H\u00fasav\u00edk heading south on road no. 85, then turn left onto road no. 87 towards M\u00fdvatn. On the way, you can take a break at Hei\u00f0arb\u00e6r, which has a restaurant, campsite and a nice swimming pool\/hot tub. The road travels over a number of hills, and you will spend more time ascending than descending as M\u00fdvatn is 277 m above sea level. You will cycle through the H\u00f3lasandur sand area, where grass has been planted to stop soil erosion. From the last hill, you will have a great view over lake M\u00fdvatn before you finally reach Reykjahl\u00ed\u00f0. Here, you can stock up on provisions and choose between three campsites. Soaking in the warm waters between lava rocks at Jar\u00f0b\u00f6\u00f0in (M\u00fdvatn Nature Baths) is the perfect end to this cycle route.\u00a0<\/span><\/p>\n<\/div>\n<\/div>\n<\/div>\n<\/div>\n<\/div>\n<\/div>\n<\/div>\n<\/div><\/div><\/div><div id=\"pgc-1643-0-1\"  class=\"panel-grid-cell\" ><div id=\"panel-1643-0-1-0\" class=\"so-panel widget widget_sow-editor panel-first-child panel-last-child\" data-index=\"1\" ><div\n\t\t\t\n\t\t\tclass=\"so-widget-sow-editor so-widget-sow-editor-base\"\n\t\t\t\n\t\t>\n<div class=\"siteorigin-widget-tinymce textwidget\">\n\t<p><a href=\"https:\/\/cyclingiceland.is\/wp-content\/uploads\/2017\/07\/Vatnaj_nationalpark_north.jpg\" target=\"_blank\" rel=\"noopener\"><img data-attachment-id=\"1651\" data-permalink=\"https:\/\/cyclingiceland.is\/is\/vatnajokull-national-park-north\/vatnaj_nationalpark_north\/\" data-orig-file=\"https:\/\/cyclingiceland.is\/wp-content\/uploads\/2017\/07\/Vatnaj_nationalpark_north.jpg\" data-orig-size=\"1000,1000\" data-comments-opened=\"1\" data-image-meta=\"{&quot;aperture&quot;:&quot;0&quot;,&quot;credit&quot;:&quot;&quot;,&quot;camera&quot;:&quot;&quot;,&quot;caption&quot;:&quot;&quot;,&quot;created_timestamp&quot;:&quot;0&quot;,&quot;copyright&quot;:&quot;&quot;,&quot;focal_length&quot;:&quot;0&quot;,&quot;iso&quot;:&quot;0&quot;,&quot;shutter_speed&quot;:&quot;0&quot;,&quot;title&quot;:&quot;&quot;,&quot;orientation&quot;:&quot;1&quot;}\" data-image-title=\"Vatnaj_nationalpark_north\" data-image-description=\"\" data-image-caption=\"\" data-medium-file=\"https:\/\/cyclingiceland.is\/wp-content\/uploads\/2017\/07\/Vatnaj_nationalpark_north-300x300.jpg\" data-large-file=\"https:\/\/cyclingiceland.is\/wp-content\/uploads\/2017\/07\/Vatnaj_nationalpark_north.jpg\" decoding=\"async\" class=\"size-medium wp-image-1651 alignleft\" src=\"https:\/\/cyclingiceland.is\/wp-content\/uploads\/2017\/07\/Vatnaj_nationalpark_north-300x300.jpg\" alt=\"\" width=\"300\" height=\"300\" srcset=\"https:\/\/cyclingiceland.is\/wp-content\/uploads\/2017\/07\/Vatnaj_nationalpark_north-300x300.jpg 300w, https:\/\/cyclingiceland.is\/wp-content\/uploads\/2017\/07\/Vatnaj_nationalpark_north-150x150.jpg 150w, https:\/\/cyclingiceland.is\/wp-content\/uploads\/2017\/07\/Vatnaj_nationalpark_north-768x768.jpg 768w, https:\/\/cyclingiceland.is\/wp-content\/uploads\/2017\/07\/Vatnaj_nationalpark_north-700x700.jpg 700w, https:\/\/cyclingiceland.is\/wp-content\/uploads\/2017\/07\/Vatnaj_nationalpark_north-115x115.jpg 115w, https:\/\/cyclingiceland.is\/wp-content\/uploads\/2017\/07\/Vatnaj_nationalpark_north.jpg 1000w\" sizes=\"(max-width: 300px) 100vw, 300px\" \/><\/a><\/p>\n<\/div>\n<\/div><\/div><\/div><\/div><\/div>","protected":false},"excerpt":{"rendered":"<p>Vatnaj\u00f6kull National Park &#8211; North The northern part of Vatnaj\u00f6kull National park and surrounding area is a magnificent landscape full of geological wonders. Around lake M\u00fdvatn, you will find hot springs, abundant birdlife, and a multitude of volcanic structures. J\u00f6kuls\u00e1rglj\u00fafur is a huge canyon formed by the glacial river J\u00f6kuls\u00e1 \u00e1 Fj\u00f6llum, Iceland\u2019s second longest [&hellip;]<\/p>\n","protected":false},"author":1,"featured_media":0,"parent":0,"menu_order":0,"comment_status":"closed","ping_status":"closed","template":"","meta":{"site-container-style":"default","site-container-layout":"default","site-sidebar-layout":"default","disable-article-header":"default","disable-site-header":"default","disable-site-footer":"default","disable-content-area-spacing":"default","jetpack_post_was_ever_published":false,"footnotes":""},"class_list":["post-1643","page","type-page","status-publish","hentry"],"jetpack-related-posts":[{"id":785,"url":"https:\/\/cyclingiceland.is\/is\/cycling-vatnajokull\/","url_meta":{"origin":1643,"position":0},"title":"Vatnaj\u00f6kull National Park","author":"Nina","date":"j\u00fal\u00ed 6, 2016","format":false,"excerpt":"Vatnaj\u00f6kull National Park Vatnaj\u00f6kull National Park spans the largest glacier of Iceland, vast highland areas, volcanoes, rivers and lakes. In\u00a0its southwestern part, Lakag\u00edgar is a series of craters formed during the Skaft\u00e1reldar eruption in 1783 which left\u00a0behind lava flows extending over 60 km. In this magnificent area we recommend three\u2026","rel":"","context":"Similar post","block_context":{"text":"Similar post","link":""},"img":{"alt_text":"","src":"https:\/\/i0.wp.com\/cyclingiceland.is\/wp-content\/uploads\/2016\/07\/2vatnajokul-kort-minni-300x295.jpg?resize=350%2C200&ssl=1","width":350,"height":200},"classes":[]},{"id":1704,"url":"https:\/\/cyclingiceland.is\/is\/useful-links\/","url_meta":{"origin":1643,"position":1},"title":"Veftenglar","author":"cyclingadmin2016","date":"n\u00f3vember 5, 2018","format":false,"excerpt":"[:en]Information about cycling in Iceland - download PDF Weather in Iceland en.vedur.is belgingur.is yr.no Road conditions road.is Free online maps cyclingiceland.is map.is Cycling map Shop chains with seasonal\u00a0bike equipment hagkaup.is byko.is husa.is Accommodation & campsites cyclingiceland.is\/campsites_huts hostel.is tjalda.is\/en Useful links Islande a velo - information about cycling in Iceland in\u2026","rel":"","context":"Similar post","block_context":{"text":"Similar post","link":""},"img":{"alt_text":"","src":"","width":0,"height":0},"classes":[]},{"id":1847,"url":"https:\/\/cyclingiceland.is\/is\/public-transport\/","url_meta":{"origin":1643,"position":2},"title":"Almenningssamg\u00f6ngur","author":"Nina","date":"febr\u00faar 6, 2019","format":false,"excerpt":"[:en]Download [:is]Download [:]","rel":"","context":"Similar post","block_context":{"text":"Similar post","link":""},"img":{"alt_text":"","src":"https:\/\/i0.wp.com\/cyclingiceland.is\/wp-content\/uploads\/2019\/02\/2018-Public-transport-enska-part-300x135.jpg?resize=350%2C200&ssl=1","width":350,"height":200},"classes":[]},{"id":1852,"url":"https:\/\/cyclingiceland.is\/is\/capital-area\/","url_meta":{"origin":1643,"position":3},"title":"Hj\u00f3lalei\u00f0ir \u00e1 h\u00f6fu\u00f0borgarsv\u00e6\u00f0inu","author":"Nina","date":"febr\u00faar 6, 2019","format":false,"excerpt":"[:en] Download map [:]","rel":"","context":"Similar post","block_context":{"text":"Similar post","link":""},"img":{"alt_text":"","src":"https:\/\/i0.wp.com\/cyclingiceland.is\/wp-content\/uploads\/2019\/06\/2018CI_Rvk-part-300x135.jpg?resize=350%2C200&ssl=1","width":350,"height":200},"classes":[]},{"id":1443,"url":"https:\/\/cyclingiceland.is\/is\/campsites_huts-2\/","url_meta":{"origin":1643,"position":4},"title":"Tjaldsv\u00e6\u00f0i og fjallask\u00e1lar","author":"cyclingadmin2016","date":"j\u00fal\u00ed 8, 2016","format":false,"excerpt":"[:en]Open \/ Download PDF [:is]Open \/ Download PDF [:]","rel":"","context":"Similar post","block_context":{"text":"Similar post","link":""},"img":{"alt_text":"","src":"https:\/\/i0.wp.com\/cyclingiceland.is\/wp-content\/uploads\/2019\/02\/CampsitesHuts-300x213.jpg?resize=350%2C200&ssl=1","width":350,"height":200},"classes":[]},{"id":1840,"url":"https:\/\/cyclingiceland.is\/is\/cycling-map\/","url_meta":{"origin":1643,"position":5},"title":"\u00cdslenska hj\u00f3lakorti\u00f0","author":"Nina","date":"febr\u00faar 6, 2019","format":false,"excerpt":"[:en] Cycling map of Iceland -front Cycling map of Iceland -backside \u00a0 [:de] Cycling map of Iceland -front Cycling map of Iceland -backside \u00a0 [:]","rel":"","context":"Similar post","block_context":{"text":"Similar post","link":""},"img":{"alt_text":"","src":"https:\/\/i0.wp.com\/cyclingiceland.is\/wp-content\/uploads\/2021\/07\/2019-front-cycling-map.jpg?resize=350%2C200&ssl=1","width":350,"height":200},"classes":[]}],"jetpack_sharing_enabled":true,"jetpack_shortlink":"https:\/\/wp.me\/P7DxgX-qv","_links":{"self":[{"href":"https:\/\/cyclingiceland.is\/is\/wp-json\/wp\/v2\/pages\/1643","targetHints":{"allow":["GET"]}}],"collection":[{"href":"https:\/\/cyclingiceland.is\/is\/wp-json\/wp\/v2\/pages"}],"about":[{"href":"https:\/\/cyclingiceland.is\/is\/wp-json\/wp\/v2\/types\/page"}],"author":[{"embeddable":true,"href":"https:\/\/cyclingiceland.is\/is\/wp-json\/wp\/v2\/users\/1"}],"replies":[{"embeddable":true,"href":"https:\/\/cyclingiceland.is\/is\/wp-json\/wp\/v2\/comments?post=1643"}],"version-history":[{"count":2,"href":"https:\/\/cyclingiceland.is\/is\/wp-json\/wp\/v2\/pages\/1643\/revisions"}],"predecessor-version":[{"id":3016,"href":"https:\/\/cyclingiceland.is\/is\/wp-json\/wp\/v2\/pages\/1643\/revisions\/3016"}],"wp:attachment":[{"href":"https:\/\/cyclingiceland.is\/is\/wp-json\/wp\/v2\/media?parent=1643"}],"curies":[{"name":"wp","href":"https:\/\/api.w.org\/{rel}","templated":true}]}}