{"id":1847,"date":"2019-02-06T18:34:14","date_gmt":"2019-02-06T18:34:14","guid":{"rendered":"https:\/\/test.cyclingiceland.is\/?page_id=1847"},"modified":"2023-06-30T15:34:02","modified_gmt":"2023-06-30T15:34:02","slug":"public-transport","status":"publish","type":"page","link":"https:\/\/cyclingiceland.is\/en\/public-transport\/","title":{"rendered":"Public Transport"},"content":{"rendered":"<div id=\"pl-1847\"  class=\"panel-layout\" ><div id=\"pg-1847-0\"  class=\"panel-grid panel-no-style\" ><div id=\"pgc-1847-0-0\"  class=\"panel-grid-cell\" ><div id=\"panel-1847-0-0-0\" class=\"so-panel widget widget_sow-editor panel-first-child panel-last-child\" data-index=\"0\" ><div\n\t\t\t\n\t\t\tclass=\"so-widget-sow-editor so-widget-sow-editor-base\"\n\t\t\t\n\t\t>\n<div class=\"siteorigin-widget-tinymce textwidget\">\n\t<div><a class=\"button normal-button callout-button1\" title=\"Download 800 KB \" href=\"https:\/\/cyclingiceland.is\/wp-content\/uploads\/2023\/06\/PT2023_ISENDE_25jun2023_EN.pdf\" target=\"_blank\" rel=\"noopener noreferrer\">Download<\/a><\/div>\n<div><a href=\"https:\/\/cyclingiceland.is\/wp-content\/uploads\/2023\/06\/PT2023_ISENDE_25jun2023_EN.pdf\" target=\"_blank\" rel=\"noopener\"><img data-attachment-id=\"1848\" data-permalink=\"https:\/\/cyclingiceland.is\/en\/public-transport\/2018-public-transport-enska-part\/\" data-orig-file=\"https:\/\/cyclingiceland.is\/wp-content\/uploads\/2019\/02\/2018-Public-transport-enska-part.jpg\" data-orig-size=\"1514,680\" data-comments-opened=\"1\" data-image-meta=\"{&quot;aperture&quot;:&quot;0&quot;,&quot;credit&quot;:&quot;&quot;,&quot;camera&quot;:&quot;&quot;,&quot;caption&quot;:&quot;&quot;,&quot;created_timestamp&quot;:&quot;0&quot;,&quot;copyright&quot;:&quot;&quot;,&quot;focal_length&quot;:&quot;0&quot;,&quot;iso&quot;:&quot;0&quot;,&quot;shutter_speed&quot;:&quot;0&quot;,&quot;title&quot;:&quot;&quot;,&quot;orientation&quot;:&quot;1&quot;}\" data-image-title=\"2018-Public-transport-enska-part\" data-image-description=\"\" data-image-caption=\"\" data-medium-file=\"https:\/\/cyclingiceland.is\/wp-content\/uploads\/2019\/02\/2018-Public-transport-enska-part-300x135.jpg\" data-large-file=\"https:\/\/cyclingiceland.is\/wp-content\/uploads\/2019\/02\/2018-Public-transport-enska-part-1024x460.jpg\" decoding=\"async\" class=\"alignleft wp-image-1848 size-medium\" src=\"https:\/\/cyclingiceland.is\/wp-content\/uploads\/2019\/02\/2018-Public-transport-enska-part-300x135.jpg\" alt=\"\" width=\"300\" height=\"135\" srcset=\"https:\/\/cyclingiceland.is\/wp-content\/uploads\/2019\/02\/2018-Public-transport-enska-part-300x135.jpg 300w, https:\/\/cyclingiceland.is\/wp-content\/uploads\/2019\/02\/2018-Public-transport-enska-part-768x345.jpg 768w, https:\/\/cyclingiceland.is\/wp-content\/uploads\/2019\/02\/2018-Public-transport-enska-part-1024x460.jpg 1024w, https:\/\/cyclingiceland.is\/wp-content\/uploads\/2019\/02\/2018-Public-transport-enska-part-1200x539.jpg 1200w, https:\/\/cyclingiceland.is\/wp-content\/uploads\/2019\/02\/2018-Public-transport-enska-part-700x314.jpg 700w, https:\/\/cyclingiceland.is\/wp-content\/uploads\/2019\/02\/2018-Public-transport-enska-part.jpg 1514w\" sizes=\"(max-width: 300px) 100vw, 300px\" \/><\/a><\/div>\n<\/div>\n<\/div><\/div><\/div><\/div><\/div>","protected":false},"excerpt":{"rendered":"<p>Download<\/p>\n","protected":false},"author":2,"featured_media":0,"parent":0,"menu_order":0,"comment_status":"closed","ping_status":"closed","template":"","meta":{"site-container-style":"default","site-container-layout":"default","site-sidebar-layout":"default","disable-article-header":"default","disable-site-header":"default","disable-site-footer":"default","disable-content-area-spacing":"default","jetpack_post_was_ever_published":false,"footnotes":""},"class_list":["post-1847","page","type-page","status-publish","hentry"],"jetpack-related-posts":[{"id":1779,"url":"https:\/\/cyclingiceland.is\/en\/older_maps\/","url_meta":{"origin":1847,"position":0},"title":"OLDER CYCLING MAPS","author":"Nina","date":"February 3, 2019","format":false,"excerpt":"[:en]OLDER CYCLING MAPS 2013 2013-cycling_iceland_and_route_map 2014 2014-cycling-map 2015 2015cycling-map 2016 2016-web-cycling-map 2016 Reykjav\u00edk 2016-WEB-campsites list 2017 2017_Campsites_Huts 2017 CI english 2017 CI \u00edslenska 2017 Reykjav\u00edk 2017 -CI B_hlid EN\u00a0 me\u00f0 ferju 2017-CI B hlid \u00cdSL \u00e1n ferju 2018 2018 CI_CampsitesHuts 2018 CI_Cycling_in_Iceland_Infotext_EN 2018 CI_Rvk_cyclingmap A3 2018-Public transport enska 2018-Public transport\u2026","rel":"","context":"Similar post","block_context":{"text":"Similar post","link":""},"img":{"alt_text":"","src":"","width":0,"height":0},"classes":[]},{"id":1443,"url":"https:\/\/cyclingiceland.is\/en\/campsites_huts-2\/","url_meta":{"origin":1847,"position":1},"title":"Campsites &#038; Huts","author":"cyclingadmin2016","date":"July 8, 2016","format":false,"excerpt":"[:en]Open \/ Download PDF [:is]Open \/ Download PDF [:]","rel":"","context":"Similar post","block_context":{"text":"Similar post","link":""},"img":{"alt_text":"","src":"https:\/\/i0.wp.com\/cyclingiceland.is\/wp-content\/uploads\/2019\/02\/CampsitesHuts-300x213.jpg?resize=350%2C200&ssl=1","width":350,"height":200},"classes":[]},{"id":1852,"url":"https:\/\/cyclingiceland.is\/en\/capital-area\/","url_meta":{"origin":1847,"position":2},"title":"Routes in the capital area","author":"Nina","date":"February 6, 2019","format":false,"excerpt":"[:en] Download map [:]","rel":"","context":"Similar post","block_context":{"text":"Similar post","link":""},"img":{"alt_text":"","src":"https:\/\/i0.wp.com\/cyclingiceland.is\/wp-content\/uploads\/2019\/06\/2018CI_Rvk-part-300x135.jpg?resize=350%2C200&ssl=1","width":350,"height":200},"classes":[]},{"id":1704,"url":"https:\/\/cyclingiceland.is\/en\/useful-links\/","url_meta":{"origin":1847,"position":3},"title":"Useful links","author":"cyclingadmin2016","date":"November 5, 2018","format":false,"excerpt":"[:en]Information about cycling in Iceland - download PDF Weather in Iceland en.vedur.is belgingur.is yr.no Road conditions road.is Free online maps cyclingiceland.is map.is Cycling map Shop chains with seasonal\u00a0bike equipment hagkaup.is byko.is husa.is Accommodation & campsites cyclingiceland.is\/campsites_huts hostel.is tjalda.is\/en Useful links Islande a velo - information about cycling in Iceland in\u2026","rel":"","context":"Similar post","block_context":{"text":"Similar post","link":""},"img":{"alt_text":"","src":"","width":0,"height":0},"classes":[]},{"id":1445,"url":"https:\/\/cyclingiceland.is\/en\/reykjavik\/","url_meta":{"origin":1847,"position":4},"title":"Cycling Routes in Reykjavik","author":"cyclingadmin2016","date":"July 8, 2016","format":false,"excerpt":"[:en]Routes in the capital area[:] [:en] Download map [:]","rel":"","context":"Similar post","block_context":{"text":"Similar post","link":""},"img":{"alt_text":"","src":"https:\/\/i0.wp.com\/cyclingiceland.is\/wp-content\/uploads\/2019\/06\/2018CI_Rvk-part-300x135.jpg?resize=350%2C200&ssl=1","width":350,"height":200},"classes":[]},{"id":1840,"url":"https:\/\/cyclingiceland.is\/en\/cycling-map\/","url_meta":{"origin":1847,"position":5},"title":"Cycling map of Iceland","author":"Nina","date":"February 6, 2019","format":false,"excerpt":"[:en] Cycling map of Iceland -front Cycling map of Iceland -backside \u00a0 [:de] Cycling map of Iceland -front Cycling map of Iceland -backside \u00a0 [:]","rel":"","context":"Similar post","block_context":{"text":"Similar post","link":""},"img":{"alt_text":"","src":"https:\/\/i0.wp.com\/cyclingiceland.is\/wp-content\/uploads\/2021\/07\/2019-front-cycling-map.jpg?resize=350%2C200&ssl=1","width":350,"height":200},"classes":[]}],"jetpack_sharing_enabled":true,"jetpack_shortlink":"https:\/\/wp.me\/P7DxgX-tN","_links":{"self":[{"href":"https:\/\/cyclingiceland.is\/en\/wp-json\/wp\/v2\/pages\/1847","targetHints":{"allow":["GET"]}}],"collection":[{"href":"https:\/\/cyclingiceland.is\/en\/wp-json\/wp\/v2\/pages"}],"about":[{"href":"https:\/\/cyclingiceland.is\/en\/wp-json\/wp\/v2\/types\/page"}],"author":[{"embeddable":true,"href":"https:\/\/cyclingiceland.is\/en\/wp-json\/wp\/v2\/users\/2"}],"replies":[{"embeddable":true,"href":"https:\/\/cyclingiceland.is\/en\/wp-json\/wp\/v2\/comments?post=1847"}],"version-history":[{"count":45,"href":"https:\/\/cyclingiceland.is\/en\/wp-json\/wp\/v2\/pages\/1847\/revisions"}],"predecessor-version":[{"id":3073,"href":"https:\/\/cyclingiceland.is\/en\/wp-json\/wp\/v2\/pages\/1847\/revisions\/3073"}],"wp:attachment":[{"href":"https:\/\/cyclingiceland.is\/en\/wp-json\/wp\/v2\/media?parent=1847"}],"curies":[{"name":"wp","href":"https:\/\/api.w.org\/{rel}","templated":true}]}}