{"id":1704,"date":"2018-11-05T00:46:57","date_gmt":"2018-11-05T00:46:57","guid":{"rendered":"https:\/\/test.cyclingiceland.is\/?page_id=1704"},"modified":"2023-05-11T20:46:45","modified_gmt":"2023-05-11T20:46:45","slug":"useful-links","status":"publish","type":"page","link":"https:\/\/cyclingiceland.is\/en\/useful-links\/","title":{"rendered":"Useful links"},"content":{"rendered":"<h3><a href=\"https:\/\/cyclingiceland.is\/wp-content\/uploads\/2022\/06\/CI2022_Usefulinfo_ENweb_24apr2022.pdf\" target=\"_blank\" rel=\"noopener noreferrer\"><strong>Information about cycling in Iceland &#8211; download PDF<\/strong><\/a><\/h3>\n<h4>Weather in Iceland<\/h4>\n<p><a href=\"http:\/\/en.vedur.is\/\" target=\"_blank\" rel=\"noopener noreferrer\" data-saferedirecturl=\"https:\/\/www.google.com\/url?hl=en&#038;q=http:\/\/en.vedur.is&#038;source=gmail&#038;ust=1501187202939000&#038;usg=AFQjCNEpoozUDkbr2cjYolMghxpu9RgkVA\">en.vedur.is<\/a><\/p>\n<p><a href=\"http:\/\/belgingur.is\/\" target=\"_blank\" rel=\"noopener noreferrer\" data-saferedirecturl=\"https:\/\/www.google.com\/url?hl=en&#038;q=http:\/\/belgingur.is&#038;source=gmail&#038;ust=1501187202939000&#038;usg=AFQjCNGaMmuElUwxlt0UGBy3hLY5d8GWmQ\">belgingur.is<\/a><\/p>\n<p><a href=\"http:\/\/yr.no\/\" target=\"_blank\" rel=\"noopener noreferrer\" data-saferedirecturl=\"https:\/\/www.google.com\/url?hl=en&#038;q=http:\/\/yr.no&#038;source=gmail&#038;ust=1501187202939000&#038;usg=AFQjCNGZTZavYCHHDkYc71o-vlygIfRSkQ\">yr.no<\/a><\/p>\n<h4>Road conditions<\/h4>\n<p><a href=\"http:\/\/road.is\/\" target=\"_blank\" rel=\"noopener noreferrer\" data-saferedirecturl=\"https:\/\/www.google.com\/url?hl=en&#038;q=http:\/\/road.is&#038;source=gmail&#038;ust=1501187202939000&#038;usg=AFQjCNFLuHfraJvV2A0QwAvhp2CbX-fk2g\">road.is<\/a><\/p>\n<h4>Free online maps<\/h4>\n<p><a href=\"https:\/\/cyclingiceland.is\/\" target=\"_blank\" rel=\"noopener noreferrer\" data-saferedirecturl=\"https:\/\/www.google.com\/url?hl=en&#038;q=https:\/\/cyclingiceland.is&#038;source=gmail&#038;ust=1501187202939000&#038;usg=AFQjCNHa4McmiinOuMey3awbjpkQtIdNQQ\">cyclingiceland.is<\/a><\/p>\n<p><a href=\"http:\/\/map.is\/\" target=\"_blank\" rel=\"noopener noreferrer\" data-saferedirecturl=\"https:\/\/www.google.com\/url?hl=en&#038;q=http:\/\/map.is&#038;source=gmail&#038;ust=1501187202939000&#038;usg=AFQjCNE8oMc26_c4LhMdd9q2Ctkgb5N-4w\">map.is<\/a><\/p>\n<p><a href=\"https:\/\/hjolaleidir.com\/\" target=\"_blank\" rel=\"noopener\">Cycling map<\/a><\/p>\n<h4>Shop chains with seasonal\u00a0bike equipment<\/h4>\n<p><a href=\"http:\/\/hagkaup.is\/\" target=\"_blank\" rel=\"noopener noreferrer\" data-saferedirecturl=\"https:\/\/www.google.com\/url?hl=en&#038;q=http:\/\/hagkaup.is&#038;source=gmail&#038;ust=1501187202939000&#038;usg=AFQjCNGROjfZsHscE7DG3yxlTFcgHv7qLA\">hagkaup.is<\/a><\/p>\n<p><a href=\"http:\/\/byko.is\/\" target=\"_blank\" rel=\"noopener noreferrer\" data-saferedirecturl=\"https:\/\/www.google.com\/url?hl=en&#038;q=http:\/\/byko.is&#038;source=gmail&#038;ust=1501187202939000&#038;usg=AFQjCNF6Z9-LcEe3-dx2rIqLmlh9W6-P5g\">byko.is<\/a><\/p>\n<p><a href=\"http:\/\/husa.is\/\" target=\"_blank\" rel=\"noopener noreferrer\" data-saferedirecturl=\"https:\/\/www.google.com\/url?hl=en&#038;q=http:\/\/husa.is&#038;source=gmail&#038;ust=1501187202939000&#038;usg=AFQjCNGtQK-d8tTSGH1PB57qRiBQwc8-xQ\">husa.is<\/a><\/p>\n<h4>Accommodation &#038; campsites<\/h4>\n<p><a href=\"https:\/\/cyclingiceland.is\/campsites_huts\" target=\"_blank\" rel=\"noopener noreferrer\" data-saferedirecturl=\"https:\/\/www.google.com\/url?hl=en&#038;q=https:\/\/cyclingiceland.is\/campsites_huts&#038;source=gmail&#038;ust=1501187202939000&#038;usg=AFQjCNH0-7N2ejQe9vt6V1oULnHKfCplzQ\">cyclingiceland.is\/campsites_<wbr \/>huts<\/a><\/p>\n<p><a href=\"http:\/\/hostel.is\/\" target=\"_blank\" rel=\"noopener noreferrer\" data-saferedirecturl=\"https:\/\/www.google.com\/url?hl=en&#038;q=http:\/\/hostel.is&#038;source=gmail&#038;ust=1501187202939000&#038;usg=AFQjCNGvfL9RrqKzila_HgC7NA3Ct0zgoQ\">hostel.is<\/a><\/p>\n<p><a href=\"http:\/\/tjalda.is\/en\" target=\"_blank\" rel=\"noopener noreferrer\" data-saferedirecturl=\"https:\/\/www.google.com\/url?hl=en&#038;q=http:\/\/tjalda.is\/en&#038;source=gmail&#038;ust=1501187202939000&#038;usg=AFQjCNEkDzpZzSPWSh8GUWBctDJVhljIEg\">tjalda.is\/en<\/a><\/p>\n<h4>Useful links<\/h4>\n<p><a href=\"https:\/\/malbikendar.ch\/islande-a-velo\/\" target=\"_blank\" rel=\"noopener noreferrer\">Islande a velo &#8211; information about cycling in Iceland in French<\/a><\/p>\n<p><a href=\"http:\/\/www.bobbinbikes.com\/pages\/health-benefits-of-regular-cycling\" target=\"_blank\" rel=\"noopener\">Health Benefits of Cycling<\/a><\/p>\n<h4>Cycling competitions<\/h4>\n<p><a href=\"http:\/\/bluelagoonchallenge.is\/en\" target=\"_blank\" rel=\"noopener noreferrer\" data-saferedirecturl=\"https:\/\/www.google.com\/url?hl=en&#038;q=http:\/\/bluelagoonchallenge.is\/en&#038;source=gmail&#038;ust=1501187202940000&#038;usg=AFQjCNFCpsr1FnccFwyQ3xIBsxE-zjCIdQ\">bluelagoonchallenge.is\/en<\/a><\/p>\n<p><a href=\"http:\/\/wowcyclothon.is\" target=\"_blank\" rel=\"noopener noreferrer\" data-saferedirecturl=\"https:\/\/www.google.com\/url?hl=en&#038;q=http:\/\/wowcyclothon.is\/en&#038;source=gmail&#038;ust=1501187202940000&#038;usg=AFQjCNELZGtfceuYbS6gnEIDzn-d-A60pA\">wowcyclothon.is<\/a><\/p>\n<p><a href=\"http:\/\/glacier360.is\/\" target=\"_blank\" rel=\"noopener noreferrer\" data-saferedirecturl=\"https:\/\/www.google.com\/url?hl=en&#038;q=http:\/\/glacier360.is&#038;source=gmail&#038;ust=1501187202940000&#038;usg=AFQjCNEX8NQrxMajgJS2KPdpmADSH8uLig\">glacier360.is<\/a><\/p>\n<p><a href=\"http:\/\/hjolamot.is\/\" target=\"_blank\" rel=\"noopener noreferrer\" data-saferedirecturl=\"https:\/\/www.google.com\/url?hl=en&#038;q=http:\/\/hjolamot.is&#038;source=gmail&#038;ust=1501187202940000&#038;usg=AFQjCNEERGiWBSLBsI6GatfnVAGPwq-aEQ\">hjolamot.is<\/a>\u00a0(only in Icelandic)<\/p>\n<p><a href=\"http:\/\/tourofreykjavik.is\/\" target=\"_blank\" rel=\"noopener noreferrer\" data-saferedirecturl=\"https:\/\/www.google.com\/url?hl=en&#038;q=http:\/\/tourofreykjavik.is&#038;source=gmail&#038;ust=1501187202940000&#038;usg=AFQjCNFuwqrHj0Iz1PcON3BeP3p13R5p6Q\">tourofreykjavik.is<\/a><\/p>\n<p><a href=\"https:\/\/cyclingwestfjords.com\/\" target=\"_blank\" rel=\"noopener\">Cycling Westfjords<\/a><\/p>\n<h4>Bike plans of the Capital Area<\/h4>\n<p><a href=\"https:\/\/cyclingiceland.is\/reykjavik\" target=\"_blank\" rel=\"noopener noreferrer\" data-saferedirecturl=\"https:\/\/www.google.com\/url?hl=en&#038;q=https:\/\/cyclingiceland.is\/reykjavik&#038;source=gmail&#038;ust=1501187202940000&#038;usg=AFQjCNFV-ciRvsKwNXNt0CptsvEermZQDA\">cyclingiceland.is\/reykjavik<\/a><\/p>\n<p><a href=\"http:\/\/reykjavik.is\/gonguoghjolastigar\" target=\"_blank\" rel=\"noopener noreferrer\" data-saferedirecturl=\"https:\/\/www.google.com\/url?hl=en&#038;q=http:\/\/reykjavik.is\/gonguoghjolastigar&#038;source=gmail&#038;ust=1501187202940000&#038;usg=AFQjCNF15qvyAThgKtPTMf1tExWdVDN_Ig\">reykjavik.is\/<wbr \/>gonguoghjolastigar<\/a><\/p>\n<h4>Bike clubs<\/h4>\n<p><a href=\"http:\/\/hjolafaerni.is\/\" target=\"_blank\" rel=\"noopener noreferrer\" data-saferedirecturl=\"https:\/\/www.google.com\/url?hl=en&#038;q=http:\/\/hjolafaerni.is&#038;source=gmail&#038;ust=1501187202940000&#038;usg=AFQjCNGiAqq6gX1UNL7SqXjppHbfURE3SA\">hjolafaerni.is<\/a><\/p>\n<p><a href=\"http:\/\/lhm.is\/english\" target=\"_blank\" rel=\"noopener noreferrer\" data-saferedirecturl=\"https:\/\/www.google.com\/url?hl=en&#038;q=http:\/\/lhm.is\/english&#038;source=gmail&#038;ust=1501187202940000&#038;usg=AFQjCNElhXZe6NGqugYcfeyQLJ9G3H2ZxA\">lhm.is\/english<\/a><\/p>\n<p><a href=\"http:\/\/hfr.is\/\" target=\"_blank\" rel=\"noopener noreferrer\" data-saferedirecturl=\"https:\/\/www.google.com\/url?hl=en&#038;q=http:\/\/hfr.is&#038;source=gmail&#038;ust=1501187202940000&#038;usg=AFQjCNH41d0Zql98UNaKdl5e-9PS2aY3rA\">hfr.is<\/a><\/p>\n<p><a href=\"http:\/\/tindur.org\/\" target=\"_blank\" rel=\"noopener noreferrer\" data-saferedirecturl=\"https:\/\/www.google.com\/url?hl=en&#038;q=http:\/\/tindur.org&#038;source=gmail&#038;ust=1501187202940000&#038;usg=AFQjCNGZ-4RJYAEQ594DKxGD24ajhC8Ibw\">tindur.org<\/a><\/p>\n<p><a href=\"http:\/\/hjolamenn.is\/\" target=\"_blank\" rel=\"noopener noreferrer\" data-saferedirecturl=\"https:\/\/www.google.com\/url?hl=en&#038;q=http:\/\/hjolamenn.is&#038;source=gmail&#038;ust=1501187202940000&#038;usg=AFQjCNFoKyctcZrNk4957kaMKNmh3d91rA\">hjolamenn.is<\/a><\/p>\n<p><a href=\"http:\/\/fjallahjolaklubburinn.is\/english\" target=\"_blank\" rel=\"noopener noreferrer\" data-saferedirecturl=\"https:\/\/www.google.com\/url?hl=en&#038;q=http:\/\/fjallahjolaklubburinn.is\/english&#038;source=gmail&#038;ust=1501187202940000&#038;usg=AFQjCNGve_NaLxyPtXge2EtzD5EIGT4XTw\">fjallahjolaklubburinn.is\/<wbr \/>english<\/a><\/p>\n<h4>Travelling in Iceland<\/h4>\n<p><a href=\"http:\/\/publictransport.is\/\" target=\"_blank\" rel=\"noopener noreferrer\" data-saferedirecturl=\"https:\/\/www.google.com\/url?hl=en&#038;q=http:\/\/publictransport.is&#038;source=gmail&#038;ust=1501187202940000&#038;usg=AFQjCNEYQXHFUEKzZxt0bMdY_KE8mpC4ww\">publictransport.is<\/a><\/p>\n<p><a href=\"https:\/\/www.icelandair.com\/en-us\/flights\/flights-to-reykjavik\" target=\"_blank\" rel=\"noopener\">Icelandair-flights<\/a><\/p>\n<p><a href=\"http:\/\/safetravel.is\/\" target=\"_blank\" rel=\"noopener noreferrer\" data-saferedirecturl=\"https:\/\/www.google.com\/url?hl=en&#038;q=http:\/\/safetravel.is&#038;source=gmail&#038;ust=1501187202940000&#038;usg=AFQjCNEp7CEyppmIxsiM9nTsMYNOoGaQ1Q\">safetravel.is<\/a><\/p>\n<p><a href=\"http:\/\/visiticeland.com\/\" target=\"_blank\" rel=\"noopener noreferrer\" data-saferedirecturl=\"https:\/\/www.google.com\/url?hl=en&#038;q=http:\/\/visiticeland.com&#038;source=gmail&#038;ust=1501187202940000&#038;usg=AFQjCNGNWwG0fBtEjgPFJCNZLC2mjOZlWg\">visiticeland.com<\/a><\/p>\n<p><a href=\"http:\/\/visitreykjavik.is\/\" target=\"_blank\" rel=\"noopener noreferrer\" data-saferedirecturl=\"https:\/\/www.google.com\/url?hl=en&#038;q=http:\/\/visitreykjavik.is&#038;source=gmail&#038;ust=1501187202940000&#038;usg=AFQjCNEO5oWtijuJM-yEnPqKNAbZCnXqZg\">visitreykjavik.is<\/a><\/p>\n<p><a href=\"http:\/\/nat.is\/\" target=\"_blank\" rel=\"noopener noreferrer\" data-saferedirecturl=\"https:\/\/www.google.com\/url?hl=en&#038;q=http:\/\/nat.is&#038;source=gmail&#038;ust=1501187202940000&#038;usg=AFQjCNGrkl_Fi_isQgUgEkNdYKlYNv0rJg\">nat.is<\/a><\/p>\n<p><a href=\"http:\/\/fi.is\/\" target=\"_blank\" rel=\"noopener noreferrer\" data-saferedirecturl=\"https:\/\/www.google.com\/url?hl=en&#038;q=http:\/\/fi.is&#038;source=gmail&#038;ust=1501187202940000&#038;usg=AFQjCNEy0YAfzXdvKrj1tf4lk5shg4Rg6w\">fi.is<\/a><\/p>\n<p><a href=\"http:\/\/utivist.is\/\" target=\"_blank\" rel=\"noopener noreferrer\" data-saferedirecturl=\"https:\/\/www.google.com\/url?hl=en&#038;q=http:\/\/utivist.is&#038;source=gmail&#038;ust=1501187202940000&#038;usg=AFQjCNExFZk6Yg4NVWykAPm5COK-CAcZeQ\">utivist.is<\/a><\/p>\n<p><a href=\"https:\/\/www.icelandcloseup.com\/\">icelandcloseup.com<\/a><\/p>\n<h4>Swimming Pools<\/h4>\n<p><a href=\"http:\/\/swimminginiceland.com\/\" target=\"_blank\" rel=\"noopener noreferrer\" data-saferedirecturl=\"https:\/\/www.google.com\/url?hl=en&#038;q=http:\/\/swimminginiceland.com&#038;source=gmail&#038;ust=1501187202940000&#038;usg=AFQjCNFCR0g3RbXfoo0WS9FL1OIEs2RTtA\">swimminginiceland.com<\/a><\/p>\n<h4>Map &#038; phone book<\/h4>\n<p><a href=\"http:\/\/en.ja.is\/kort\" target=\"_blank\" rel=\"noopener noreferrer\" data-saferedirecturl=\"https:\/\/www.google.com\/url?hl=en&#038;q=http:\/\/en.ja.is\/kort&#038;source=gmail&#038;ust=1501187202940000&#038;usg=AFQjCNFiM7l5SGojHTUrLTZ7CkE7sBWWtw\">en.ja.is\/kort<\/a><\/p>\n<h4>Filling stations also offering food, WC\u00a0and air pumping, found in every town<\/h4>\n<p><a href=\"http:\/\/n1.is\/en\" target=\"_blank\" rel=\"noopener noreferrer\" data-saferedirecturl=\"https:\/\/www.google.com\/url?hl=en&#038;q=http:\/\/n1.is\/en&#038;source=gmail&#038;ust=1501187202940000&#038;usg=AFQjCNG99t4nVg5bbkMBQyxKSlg4eJqzbQ\">n1.is\/en<\/a><\/p>\n<p><a href=\"http:\/\/olis.is\/english\" target=\"_blank\" rel=\"noopener noreferrer\" data-saferedirecturl=\"https:\/\/www.google.com\/url?hl=en&#038;q=http:\/\/olis.is\/english&#038;source=gmail&#038;ust=1501187202940000&#038;usg=AFQjCNFw7_A-Ma0Vrkw9nBe6XmgZcspDvA\">olis.is\/english<\/a><\/p>\n<p><a href=\"http:\/\/skeljungur.is\/\" target=\"_blank\" rel=\"noopener noreferrer\" data-saferedirecturl=\"https:\/\/www.google.com\/url?hl=en&#038;q=http:\/\/skeljungur.is&#038;source=gmail&#038;ust=1501187202940000&#038;usg=AFQjCNFZHx0r8GPud4iisnL47y1VRVrh9g\">skeljungur.is<\/a><\/p>\n","protected":false},"excerpt":{"rendered":"<p>Information about cycling in Iceland &#8211; download PDF Weather in Iceland en.vedur.is belgingur.is yr.no Road conditions road.is Free online maps cyclingiceland.is map.is Cycling map Shop chains with seasonal\u00a0bike equipment hagkaup.is byko.is husa.is Accommodation &#038; campsites cyclingiceland.is\/campsites_huts hostel.is tjalda.is\/en Useful links Islande a velo &#8211; information about cycling in Iceland in French Health Benefits of Cycling [&hellip;]<\/p>\n","protected":false},"author":1,"featured_media":0,"parent":0,"menu_order":0,"comment_status":"closed","ping_status":"closed","template":"","meta":{"site-container-style":"default","site-container-layout":"default","site-sidebar-layout":"default","disable-article-header":"default","disable-site-header":"default","disable-site-footer":"default","disable-content-area-spacing":"default","jetpack_post_was_ever_published":false,"footnotes":""},"class_list":["post-1704","page","type-page","status-publish","hentry"],"jetpack-related-posts":[{"id":1840,"url":"https:\/\/cyclingiceland.is\/en\/cycling-map\/","url_meta":{"origin":1704,"position":0},"title":"Cycling map of Iceland","author":"Nina","date":"February 6, 2019","format":false,"excerpt":"[:en] Cycling map of Iceland -front Cycling map of Iceland -backside \u00a0 [:de] Cycling map of Iceland -front Cycling map of Iceland -backside \u00a0 [:]","rel":"","context":"Similar post","block_context":{"text":"Similar post","link":""},"img":{"alt_text":"","src":"https:\/\/i0.wp.com\/cyclingiceland.is\/wp-content\/uploads\/2021\/07\/2019-front-cycling-map.jpg?resize=350%2C200&ssl=1","width":350,"height":200},"classes":[]},{"id":1907,"url":"https:\/\/cyclingiceland.is\/en\/all-you-need-to-know-2\/","url_meta":{"origin":1704,"position":1},"title":"Useful information","author":"Nina","date":"February 8, 2019","format":false,"excerpt":"[:en]Useful info - download as PDF TRAVELING IN ICELAND Iceland is a country of outstanding natural beauty. Cycling and traveling in Iceland is a great experience, but you have to be prepared for harsh weather conditions and rugged nature. We encourage you to travel around Iceland responsibly and help keep\u2026","rel":"","context":"Similar post","block_context":{"text":"Similar post","link":""},"img":{"alt_text":"","src":"","width":0,"height":0},"classes":[]},{"id":1484,"url":"https:\/\/cyclingiceland.is\/en\/borgarfjordur-eystri\/","url_meta":{"origin":1704,"position":2},"title":"Borgarfj\u00f6r\u00f0ur Eystri","author":"cyclingadmin2016","date":"August 26, 2016","format":false,"excerpt":"[:en] The East of Iceland has a hidden treasure called Borgarfj\u00f6r\u00f0ur eystri. With a total of only 130 inhabitants, the area, nonetheless, has plenty to offer for visitors, including a tremendous variety of hiking routes and great opportunities for cycling activities. The area offers a spectacular landscape and a good\u2026","rel":"","context":"Similar post","block_context":{"text":"Similar post","link":""},"img":{"alt_text":"","src":"https:\/\/i0.wp.com\/cyclingiceland.is\/wp-content\/uploads\/2019\/02\/Borgarfjordur-viknaslodit-kort-1-776x1024.jpg?resize=350%2C200&ssl=1","width":350,"height":200,"srcset":"https:\/\/i0.wp.com\/cyclingiceland.is\/wp-content\/uploads\/2019\/02\/Borgarfjordur-viknaslodit-kort-1-776x1024.jpg?resize=350%2C200&ssl=1 1x, https:\/\/i0.wp.com\/cyclingiceland.is\/wp-content\/uploads\/2019\/02\/Borgarfjordur-viknaslodit-kort-1-776x1024.jpg?resize=525%2C300&ssl=1 1.5x, https:\/\/i0.wp.com\/cyclingiceland.is\/wp-content\/uploads\/2019\/02\/Borgarfjordur-viknaslodit-kort-1-776x1024.jpg?resize=700%2C400&ssl=1 2x"},"classes":[]},{"id":785,"url":"https:\/\/cyclingiceland.is\/en\/cycling-vatnajokull\/","url_meta":{"origin":1704,"position":3},"title":"Vatnaj\u00f6kull National Park","author":"Nina","date":"July 6, 2016","format":false,"excerpt":"Vatnaj\u00f6kull National Park Vatnaj\u00f6kull National Park spans the largest glacier of Iceland, vast highland areas, volcanoes, rivers and lakes. In\u00a0its southwestern part, Lakag\u00edgar is a series of craters formed during the Skaft\u00e1reldar eruption in 1783 which left\u00a0behind lava flows extending over 60 km. In this magnificent area we recommend three\u2026","rel":"","context":"Similar post","block_context":{"text":"Similar post","link":""},"img":{"alt_text":"","src":"https:\/\/i0.wp.com\/cyclingiceland.is\/wp-content\/uploads\/2016\/07\/2vatnajokul-kort-minni-300x295.jpg?resize=350%2C200&ssl=1","width":350,"height":200},"classes":[]}],"jetpack_sharing_enabled":true,"jetpack_shortlink":"https:\/\/wp.me\/P7DxgX-ru","_links":{"self":[{"href":"https:\/\/cyclingiceland.is\/en\/wp-json\/wp\/v2\/pages\/1704","targetHints":{"allow":["GET"]}}],"collection":[{"href":"https:\/\/cyclingiceland.is\/en\/wp-json\/wp\/v2\/pages"}],"about":[{"href":"https:\/\/cyclingiceland.is\/en\/wp-json\/wp\/v2\/types\/page"}],"author":[{"embeddable":true,"href":"https:\/\/cyclingiceland.is\/en\/wp-json\/wp\/v2\/users\/1"}],"replies":[{"embeddable":true,"href":"https:\/\/cyclingiceland.is\/en\/wp-json\/wp\/v2\/comments?post=1704"}],"version-history":[{"count":58,"href":"https:\/\/cyclingiceland.is\/en\/wp-json\/wp\/v2\/pages\/1704\/revisions"}],"predecessor-version":[{"id":2702,"href":"https:\/\/cyclingiceland.is\/en\/wp-json\/wp\/v2\/pages\/1704\/revisions\/2702"}],"wp:attachment":[{"href":"https:\/\/cyclingiceland.is\/en\/wp-json\/wp\/v2\/media?parent=1704"}],"curies":[{"name":"wp","href":"https:\/\/api.w.org\/{rel}","templated":true}]}}