{"id":1484,"date":"2016-08-26T17:18:47","date_gmt":"2016-08-26T17:18:47","guid":{"rendered":"https:\/\/test.cyclingiceland.is\/?page_id=1484"},"modified":"2023-05-14T04:14:34","modified_gmt":"2023-05-14T04:14:34","slug":"borgarfjordur-eystri","status":"publish","type":"page","link":"https:\/\/cyclingiceland.is\/en\/borgarfjordur-eystri\/","title":{"rendered":"Borgarfj\u00f6r\u00f0ur Eystri"},"content":{"rendered":"<div id=\"pl-1484\"  class=\"panel-layout\" ><div id=\"pg-1484-0\"  class=\"panel-grid panel-no-style\" ><div id=\"pgc-1484-0-0\"  class=\"panel-grid-cell\" ><div id=\"panel-1484-0-0-0\" class=\"so-panel widget widget_sow-editor panel-first-child panel-last-child\" data-index=\"0\" ><div style=\"padding: 6px 6px 6px 6px;\" class=\"panel-widget-style panel-widget-style-for-1484-0-0-0\" ><div\n\t\t\t\n\t\t\tclass=\"so-widget-sow-editor so-widget-sow-editor-base\"\n\t\t\t\n\t\t>\n<div class=\"siteorigin-widget-tinymce textwidget\">\n\t<div>\n<div>The East of Iceland has a hidden treasure called Borgarfj\u00f6r\u00f0ur eystri. With a total of only 130 inhabitants, the area, nonetheless, has plenty to offer for visitors, including a tremendous variety of hiking routes and great opportunities for cycling activities. The area offers a spectacular landscape and a good range of accommodation and services in the small town of Bakkager\u00f0i. There is great natural beauty in the area, as it is still untouched by mass tourism. The area around Borgarfj\u00f6r\u00f0ur has great cycling routs suitable for Cross Country well as some exemplary facilities for cyclists. While people lived in most parts of the area past the middle of the 20th century, they are all deserted today. Lately local people have been marking numerous trails and have published a quality travel map, besides building comfortable hiking lodges. Going to Borgarfj\u00f6r\u00f0ur will offer you a chance to experience a genuine Icelandic fishing village. In addition, you will be in contact with a close community of people renowned for their hospitality. Their local cuisine consists of high quality ingredients from the region, such as the fish landed fresh daily. The community lives in close proximity to nature and delights in a quiet life, making it the ideal place to relax and get in touch with nature. More info at <a title=\"www.borgarfjordureystri.is\" href=\"http:\/\/www.borgarfjordureystri.is\/\" target=\"_blank\" rel=\"noopener\" data-saferedirecturl=\"https:\/\/www.google.com\/url?hl=en-GB&q=http:\/\/www.borgarfjordureystri.is&source=gmail&ust=1472318180149000&usg=AFQjCNFHrbh8kW9Ck_B2cKPYMzYPwrCqMA\">www.borgarfjordureystri.is<\/a><\/div>\n<\/div>\n<div><\/div>\n<div>\n<h5><strong>Recommended cycling trails <\/strong><\/h5>\n<div><strong>Here are descriptions of great cycling trails near Borgarfj\u00f6r\u00f0ur.<\/strong><\/div>\n<div>Note that some trails may have snow until midsummer so recommended time to visit is mentioned.<\/div>\n<div><\/div>\n<div><strong>\u00a01. Br\u00fanav\u00edk 6.5 km (one way)<\/strong><\/div>\n<div>Time to visit: mid June \u2013 Oct. Follow a rough 4WD track that leads over Hofstrandarskar\u00f0 pass to Br\u00fanav\u00edk inlet. Where the track ends, you can walk or take your bike towards the refuge hut down by the sea, passing over grassy and marshy areas, and then explore the colourful beach in Br\u00fanav\u00edk.<\/div>\n<div><\/div>\n<div><strong>2. Borgarfj\u00f6r\u00f0ur \u2013 Brei\u00f0av\u00edk \u2013 H\u00fasav\u00edk 28 km<\/strong><\/div>\n<div>Time to visit: July \u2013 Oct. Following an open 4WD track over Gagnhei\u00f0i (500 m) and then down to the hut at Brei\u00f0av\u00edk inlet. In Brei\u00f0av\u00edk there is hiking hut and camping site with WC and other facilities. From Brei\u00f0av\u00edk hut there is a rather good track. At the trail crossing at V\u00edknahei\u00f0i, turn left towards H\u00fasav\u00edk.<\/div>\n<div><\/div>\n<div><strong>3. Borgarfj\u00f6r\u00f0ur \u2013 H\u00fasav\u00edk 19 km<\/strong><\/div>\n<div>Time to visit: July \u2013 Oct. Mostly on a good 4WD track, from the Village Bakkager\u00f0i over H\u00fasav\u00edkurhei\u00f0i pass (477 m) to the H\u00fasav\u00edk hut. In H\u00fasav\u00edk there is a hiking hut and camping site with WC and other facilities for travellers. An old farm and a church are still in a good condition near the coastline in H\u00fasav\u00edk and worth the detour.<\/div>\n<div><\/div>\n<div><strong>4. H\u00fasav\u00edk \u2013 Lo\u00f0mundarfj\u00f6r\u00f0ur 14 km<\/strong><\/div>\n<div>Time to visit: July \u2013 Oct. The 4WD road is followed from the H\u00fasav\u00edk hut over Nesh\u00e1ls pass (435 m). In good weather you can take the old horse road from Nesh\u00e1ls and back to the main road near the abandoned farm Nes, but this road is rough and steep on some parts. In good weather pleasant detours can also be taken into the surroundings. The hiking hut offers accommodation, a camping area and has great facilities for travellers.<\/div>\n<\/div>\n<\/div>\n<\/div><\/div><\/div><\/div><div id=\"pgc-1484-0-1\"  class=\"panel-grid-cell\" ><div id=\"panel-1484-0-1-0\" class=\"so-panel widget widget_sow-editor panel-first-child panel-last-child\" data-index=\"1\" ><div\n\t\t\t\n\t\t\tclass=\"so-widget-sow-editor so-widget-sow-editor-base\"\n\t\t\t\n\t\t>\n<div class=\"siteorigin-widget-tinymce textwidget\">\n\t<p><a href=\"https:\/\/cyclingiceland.is\/wp-content\/uploads\/2023\/05\/viknaslodit-kort-1.pdf\" target=\"_blank\" rel=\"noopener\">Download map<\/a><a href=\"https:\/\/cyclingiceland.is\/wp-content\/uploads\/2023\/05\/viknaslodit-kort-1.pdf\" target=\"_blank\" rel=\"noopener\"><img data-attachment-id=\"1810\" data-permalink=\"https:\/\/cyclingiceland.is\/en\/borgarfjordur-eystri\/borgarfjordur-viknaslodit-kort-1\/\" data-orig-file=\"https:\/\/cyclingiceland.is\/wp-content\/uploads\/2019\/02\/Borgarfjordur-viknaslodit-kort-1.jpg\" data-orig-size=\"980,1293\" data-comments-opened=\"1\" data-image-meta=\"{&quot;aperture&quot;:&quot;0&quot;,&quot;credit&quot;:&quot;&quot;,&quot;camera&quot;:&quot;&quot;,&quot;caption&quot;:&quot;&quot;,&quot;created_timestamp&quot;:&quot;0&quot;,&quot;copyright&quot;:&quot;&quot;,&quot;focal_length&quot;:&quot;0&quot;,&quot;iso&quot;:&quot;0&quot;,&quot;shutter_speed&quot;:&quot;0&quot;,&quot;title&quot;:&quot;&quot;,&quot;orientation&quot;:&quot;0&quot;}\" data-image-title=\"Borgarfjordur-viknaslodit-kort-1\" data-image-description=\"\" data-image-caption=\"\" data-medium-file=\"https:\/\/cyclingiceland.is\/wp-content\/uploads\/2019\/02\/Borgarfjordur-viknaslodit-kort-1-227x300.jpg\" data-large-file=\"https:\/\/cyclingiceland.is\/wp-content\/uploads\/2019\/02\/Borgarfjordur-viknaslodit-kort-1-776x1024.jpg\" decoding=\"async\" class=\"alignnone wp-image-1810 size-large\" src=\"https:\/\/cyclingiceland.is\/wp-content\/uploads\/2019\/02\/Borgarfjordur-viknaslodit-kort-1-776x1024.jpg\" alt=\"\" width=\"776\" height=\"1024\" srcset=\"https:\/\/cyclingiceland.is\/wp-content\/uploads\/2019\/02\/Borgarfjordur-viknaslodit-kort-1-776x1024.jpg 776w, https:\/\/cyclingiceland.is\/wp-content\/uploads\/2019\/02\/Borgarfjordur-viknaslodit-kort-1-227x300.jpg 227w, https:\/\/cyclingiceland.is\/wp-content\/uploads\/2019\/02\/Borgarfjordur-viknaslodit-kort-1-768x1013.jpg 768w, https:\/\/cyclingiceland.is\/wp-content\/uploads\/2019\/02\/Borgarfjordur-viknaslodit-kort-1-700x924.jpg 700w, https:\/\/cyclingiceland.is\/wp-content\/uploads\/2019\/02\/Borgarfjordur-viknaslodit-kort-1.jpg 980w\" sizes=\"(max-width: 776px) 100vw, 776px\" \/><\/a><\/p>\n<\/div>\n<\/div><\/div><\/div><\/div><\/div>","protected":false},"excerpt":{"rendered":"<p>The East of Iceland has a hidden treasure called Borgarfj\u00f6r\u00f0ur eystri. With a total of only 130 inhabitants, the area, nonetheless, has plenty to offer for visitors, including a tremendous variety of hiking routes and great opportunities for cycling activities. The area offers a spectacular landscape and a good range of accommodation and services in [&hellip;]<\/p>\n","protected":false},"author":1,"featured_media":0,"parent":0,"menu_order":0,"comment_status":"closed","ping_status":"closed","template":"","meta":{"site-container-style":"default","site-container-layout":"default","site-sidebar-layout":"default","disable-article-header":"default","disable-site-header":"default","disable-site-footer":"default","disable-content-area-spacing":"default","jetpack_post_was_ever_published":false,"footnotes":""},"class_list":["post-1484","page","type-page","status-publish","hentry"],"jetpack-related-posts":[{"id":1704,"url":"https:\/\/cyclingiceland.is\/en\/useful-links\/","url_meta":{"origin":1484,"position":0},"title":"Useful links","author":"cyclingadmin2016","date":"November 5, 2018","format":false,"excerpt":"[:en]Information about cycling in Iceland - download PDF Weather in Iceland en.vedur.is belgingur.is yr.no Road conditions road.is Free online maps cyclingiceland.is map.is Cycling map Shop chains with seasonal\u00a0bike equipment hagkaup.is byko.is husa.is Accommodation & campsites cyclingiceland.is\/campsites_huts hostel.is tjalda.is\/en Useful links Islande a velo - information about cycling in Iceland in\u2026","rel":"","context":"Similar post","block_context":{"text":"Similar post","link":""},"img":{"alt_text":"","src":"","width":0,"height":0},"classes":[]},{"id":1847,"url":"https:\/\/cyclingiceland.is\/en\/public-transport\/","url_meta":{"origin":1484,"position":1},"title":"Public Transport","author":"Nina","date":"February 6, 2019","format":false,"excerpt":"[:en]Download [:is]Download [:]","rel":"","context":"Similar post","block_context":{"text":"Similar post","link":""},"img":{"alt_text":"","src":"https:\/\/i0.wp.com\/cyclingiceland.is\/wp-content\/uploads\/2019\/02\/2018-Public-transport-enska-part-300x135.jpg?resize=350%2C200&ssl=1","width":350,"height":200},"classes":[]},{"id":1852,"url":"https:\/\/cyclingiceland.is\/en\/capital-area\/","url_meta":{"origin":1484,"position":2},"title":"Routes in the capital area","author":"Nina","date":"February 6, 2019","format":false,"excerpt":"[:en] Download map [:]","rel":"","context":"Similar post","block_context":{"text":"Similar post","link":""},"img":{"alt_text":"","src":"https:\/\/i0.wp.com\/cyclingiceland.is\/wp-content\/uploads\/2019\/06\/2018CI_Rvk-part-300x135.jpg?resize=350%2C200&ssl=1","width":350,"height":200},"classes":[]},{"id":1443,"url":"https:\/\/cyclingiceland.is\/en\/campsites_huts-2\/","url_meta":{"origin":1484,"position":3},"title":"Campsites &#038; Huts","author":"cyclingadmin2016","date":"July 8, 2016","format":false,"excerpt":"[:en]Open \/ Download PDF [:is]Open \/ Download PDF [:]","rel":"","context":"Similar post","block_context":{"text":"Similar post","link":""},"img":{"alt_text":"","src":"https:\/\/i0.wp.com\/cyclingiceland.is\/wp-content\/uploads\/2019\/02\/CampsitesHuts-300x213.jpg?resize=350%2C200&ssl=1","width":350,"height":200},"classes":[]},{"id":1840,"url":"https:\/\/cyclingiceland.is\/en\/cycling-map\/","url_meta":{"origin":1484,"position":4},"title":"Cycling map of Iceland","author":"Nina","date":"February 6, 2019","format":false,"excerpt":"[:en] Cycling map of Iceland -front Cycling map of Iceland -backside \u00a0 [:de] Cycling map of Iceland -front Cycling map of Iceland -backside \u00a0 [:]","rel":"","context":"Similar post","block_context":{"text":"Similar post","link":""},"img":{"alt_text":"","src":"https:\/\/i0.wp.com\/cyclingiceland.is\/wp-content\/uploads\/2021\/07\/2019-front-cycling-map.jpg?resize=350%2C200&ssl=1","width":350,"height":200},"classes":[]},{"id":1445,"url":"https:\/\/cyclingiceland.is\/en\/reykjavik\/","url_meta":{"origin":1484,"position":5},"title":"Cycling Routes in Reykjavik","author":"cyclingadmin2016","date":"July 8, 2016","format":false,"excerpt":"[:en]Routes in the capital area[:] [:en] Download map [:]","rel":"","context":"Similar post","block_context":{"text":"Similar post","link":""},"img":{"alt_text":"","src":"https:\/\/i0.wp.com\/cyclingiceland.is\/wp-content\/uploads\/2019\/06\/2018CI_Rvk-part-300x135.jpg?resize=350%2C200&ssl=1","width":350,"height":200},"classes":[]}],"jetpack_sharing_enabled":true,"jetpack_shortlink":"https:\/\/wp.me\/P7DxgX-nW","_links":{"self":[{"href":"https:\/\/cyclingiceland.is\/en\/wp-json\/wp\/v2\/pages\/1484","targetHints":{"allow":["GET"]}}],"collection":[{"href":"https:\/\/cyclingiceland.is\/en\/wp-json\/wp\/v2\/pages"}],"about":[{"href":"https:\/\/cyclingiceland.is\/en\/wp-json\/wp\/v2\/types\/page"}],"author":[{"embeddable":true,"href":"https:\/\/cyclingiceland.is\/en\/wp-json\/wp\/v2\/users\/1"}],"replies":[{"embeddable":true,"href":"https:\/\/cyclingiceland.is\/en\/wp-json\/wp\/v2\/comments?post=1484"}],"version-history":[{"count":12,"href":"https:\/\/cyclingiceland.is\/en\/wp-json\/wp\/v2\/pages\/1484\/revisions"}],"predecessor-version":[{"id":2997,"href":"https:\/\/cyclingiceland.is\/en\/wp-json\/wp\/v2\/pages\/1484\/revisions\/2997"}],"wp:attachment":[{"href":"https:\/\/cyclingiceland.is\/en\/wp-json\/wp\/v2\/media?parent=1484"}],"curies":[{"name":"wp","href":"https:\/\/api.w.org\/{rel}","templated":true}]}}